{"id":96,"date":"2020-09-28T10:30:23","date_gmt":"2020-09-28T08:30:23","guid":{"rendered":"https:\/\/www.cndp-erpent-fondamental.be\/?page_id=96"},"modified":"2022-04-11T15:46:45","modified_gmt":"2022-04-11T13:46:45","slug":"association-de-parents","status":"publish","type":"page","link":"https:\/\/www.cndp-erpent-fondamental.be\/index.php\/association-de-parents\/","title":{"rendered":"Association de parents"},"content":{"rendered":"<p>[et_pb_section fb_built=\u00a0\u00bb1&Prime; _builder_version=\u00a0\u00bb4.6.1&Prime; _module_preset=\u00a0\u00bbdefault\u00a0\u00bb background_color=\u00a0\u00bb#ffffff\u00a0\u00bb hover_enabled=\u00a0\u00bb0&Prime; sticky_enabled=\u00a0\u00bb0&Prime;][et_pb_row _builder_version=\u00a0\u00bb4.6.1&Prime; _module_preset=\u00a0\u00bbdefault\u00a0\u00bb][et_pb_column type=\u00a0\u00bb4_4&Prime; _builder_version=\u00a0\u00bb4.6.1&Prime; _module_preset=\u00a0\u00bbdefault\u00a0\u00bb][et_pb_text _builder_version=\u00a0\u00bb4.6.1&Prime; _module_preset=\u00a0\u00bbdefault\u00a0\u00bb inline_fonts=\u00a0\u00bbAcme,ABeeZee\u00a0\u00bb]<\/p>\n<h4><span style=\"font-family: ABeeZee; font-weight: normal;\">Les enfants passent aujourd\u2019hui la plus grande partie de leur temps \u00e0 l\u2019\u00e9cole et y font la plupart de leurs apprentissages. Il est donc indispensable qu\u2019\u00e9cole et familles se connaissent, se respectent et s\u2019entendent afin d\u2019aider les \u00e9l\u00e8ves \u00e0 faire cet aller-retour quotidien de la meilleure mani\u00e8re possible.<\/span><\/h4>\n<p><span style=\"font-family: ABeeZee; font-weight: normal;\"><\/span><\/p>\n<p><span style=\"font-family: ABeeZee; font-weight: normal;\"><\/span><\/p>\n<h4><span style=\"font-family: ABeeZee; font-weight: normal;\"><strong><span style=\"text-decoration: underline;\">Qu&rsquo;est-ce qu&rsquo;une Association de parents ?<\/span><\/strong><\/span><\/h4>\n<h4><span style=\"font-family: ABeeZee; font-weight: normal;\">Ce sont des parents d&rsquo;\u00e9l\u00e8ves de l&rsquo;\u00e9cole participant activement et b\u00e9n\u00e9volement aux actions men\u00e9es au sein du coll\u00e8ge et dans la vie scolaire de leurs enfants. L\u2019Association de parents, c\u2019est nous et c\u2019est vous ! Elle a pour but d\u2019am\u00e9liorer la qualit\u00e9 de vie de tous dans un esprit constructif et par un dialogue permanent. Tous les parents sont les bienvenus au conseil d\u2019administration de l\u2019AP.<\/span><br \/><span style=\"font-family: ABeeZee; font-weight: normal;\"><strong><span style=\"text-decoration: underline;\"><\/span><\/strong><\/span><\/h4>\n<p><span style=\"font-family: ABeeZee; font-weight: normal;\"><\/span><\/p>\n<p><span style=\"font-family: ABeeZee; font-weight: normal;\"><\/span><\/p>\n<h4><span style=\"font-family: ABeeZee; font-weight: normal;\"><strong><span style=\"text-decoration: underline;\">A quoi sert l\u2019Association de parents ?<\/span><\/strong><\/span><\/h4>\n<h4><span style=\"font-family: ABeeZee; font-weight: normal;\">&#8211; Elle sert d\u2019interm\u00e9diaire et facilite le dialogue entre tous les acteurs de la vie scolaire. Cette association travaille avec le chef d\u2019\u00e9tablissement et la hi\u00e9rarchie scolaire. C\u2019est donc utile pour les parents de b\u00e9n\u00e9ficier d\u2019une structure sur laquelle s\u2019appuyer lorsqu\u2019ils rencontrent des probl\u00e8mes dans la vie scolaire de leurs enfants.<\/span><\/h4>\n<h4><span style=\"font-family: ABeeZee; font-weight: normal;\">&#8211; Elle r\u00e9colte des fonds pour intervenir et contribuer \u00e0 l\u2019\u00e9laboration de quelques projets.<\/span><br \/><span style=\"font-family: ABeeZee; font-weight: normal;\">&#8211; Elle repr\u00e9sente les parents au sein de l\u2019\u00e9cole et se montre \u00e0 l\u2019\u00e9coute de ceux-ci.<\/span><br \/><span style=\"font-family: ABeeZee; font-weight: normal;\">&#8211; Elle d\u00e9veloppe la solidarit\u00e9 entre les personnes.<\/span><br \/><span style=\"font-family: ABeeZee; font-weight: normal;\">&#8211; Elle est un lieu d&rsquo;information et de d\u00e9bats autour de sujets li\u00e9s \u00e0 la politique de l&rsquo;enseignement, des institutions ou de l&rsquo;\u00e9ducation. <\/span><br \/><span style=\"font-family: ABeeZee; font-weight: normal;\">&#8211; Elle participe \u00e0 d\u2019autres projets ou r\u00e9flexions tels que l\u2019alimentation saine, le cyber harc\u00e8lement ou la mobilit\u00e9. <\/span><br \/><span style=\"font-family: ABeeZee; font-weight: normal;\">&#8211; Elle d\u00e9veloppe diverses activit\u00e9s festives mais elle est bien plus qu\u2019un comit\u00e9 des f\u00eates !<\/span><\/h4>\n<p><span style=\"font-family: ABeeZee; font-weight: normal;\"><\/span><\/p>\n<p><span style=\"font-family: ABeeZee; font-weight: normal;\"><\/span><\/p>\n<p><span style=\"font-family: ABeeZee; font-weight: normal;\"><\/span><\/p>\n<h4><span style=\"text-decoration: underline; font-family: ABeeZee; font-weight: normal;\"><strong>Concr\u00e8tement, qu\u2019est-ce que l\u2019association des parents a amen\u00e9, r\u00e9cemment, \u00e0 l\u2019\u00e9cole ?<\/strong><\/span><\/h4>\n<h4><span style=\"font-family: ABeeZee; font-weight: normal;\">&#8211; Pour l\u2019\u00e9cole maternelle : constitution d\u2019une biblioth\u00e8que pour \u00e9veiller les plus petits.<\/span><br \/><span style=\"font-family: ABeeZee; font-weight: normal;\">&#8211; Pour l\u2019\u00e9cole primaire : achat de visi\u00e8res pour une rentr\u00e9e \u00ab covid \u00bb en toute s\u00e9curit\u00e9.<\/span><br \/><span style=\"font-family: ABeeZee; font-weight: normal;\">&#8211; Pour l\u2019\u00e9cole secondaire : am\u00e9nage<\/span><span style=\"font-family: ABeeZee; font-weight: normal;\">ment de la classe ext\u00e9rieure pour participer \u00e0 l\u2019int\u00e9gration de la nature en dynamisant les apprentissages.<\/span><\/h4>\n<p><span style=\"font-family: ABeeZee; font-weight: normal;\"><\/span><\/p>\n<p><span style=\"font-family: ABeeZee; font-weight: normal;\"><\/span><\/p>\n<h4><\/h4>\n<h4><span style=\"text-decoration: underline; font-family: ABeeZee; font-weight: normal;\"><strong>Comment contacter l\u2019Association de parents d&rsquo;\u00e9l\u00e8ves ?<\/strong><\/span><\/h4>\n<h4><span style=\"font-family: ABeeZee; font-weight: normal;\">&#8211; Vous pouvez les contacter en toute discr\u00e9tion si un probl\u00e8me surgit dans le courant de l\u2019ann\u00e9e, tant sur le plan scolaire que de l\u2019ambiance dans la classe. Une association aura plus de poids et sera forc\u00e9ment plus \u00e9cout\u00e9e qu\u2019un parent isol\u00e9, souvent d\u00e9muni et parfois angoiss\u00e9.<\/span><br \/><span style=\"font-family: ABeeZee; font-weight: normal;\">&#8211; En laissant vos coordonn\u00e9es \u00e0 la secr\u00e9taire Jessica Donatelli au 0479\/77.65.24, vous serez rapidement contact\u00e9s et si vous le souhaitez, vous serez convi\u00e9s aux r\u00e9unions. <\/span><br \/><span style=\"font-family: ABeeZee; font-weight: normal;\">&#8211; En nous rejoignant sur notre groupe facebook : <span style=\"text-decoration: underline; color: #0c71c3;\"><a href=\"https:\/\/www.facebook.com\/groups\/ap.cndp\" style=\"color: #0c71c3; text-decoration: underline;\">https:\/\/www.facebook.com\/groups\/ap.cndp<\/a><\/span><\/span><\/h4>\n<h4><\/h4>\n<h4><span style=\"font-family: ABeeZee; font-weight: normal;\">Jessica Donatelli<\/span><br \/><span style=\"font-family: ABeeZee; font-weight: normal;\">Pour l\u2019Association des parents du Coll\u00e8ge d\u2019Erpent<\/span><br \/><span style=\"font-family: ABeeZee; font-weight: normal;\">Le 20 janvier 2021<\/span><\/h4>\n<h4><span style=\"font-family: ABeeZee; font-weight: normal;\">\u00a0<\/span><\/h4>\n<p>[\/et_pb_text][\/et_pb_column][\/et_pb_row][\/et_pb_section]<\/p>\n","protected":false},"excerpt":{"rendered":"<p>[et_pb_section fb_built=\u00a0\u00bb1&Prime; _builder_version=\u00a0\u00bb4.6.1&Prime; _module_preset=\u00a0\u00bbdefault\u00a0\u00bb background_color=\u00a0\u00bb#ffffff\u00a0\u00bb hover_enabled=\u00a0\u00bb0&Prime; sticky_enabled=\u00a0\u00bb0&Prime;][et_pb_row _builder_version=\u00a0\u00bb4.6.1&Prime; _module_preset=\u00a0\u00bbdefault\u00a0\u00bb][et_pb_column type=\u00a0\u00bb4_4&Prime; _builder_version=\u00a0\u00bb4.6.1&Prime; _module_preset=\u00a0\u00bbdefault\u00a0\u00bb][et_pb_text _builder_version=\u00a0\u00bb4.6.1&Prime; _module_preset=\u00a0\u00bbdefault\u00a0\u00bb inline_fonts=\u00a0\u00bbAcme,ABeeZee\u00a0\u00bb] Les enfants passent aujourd\u2019hui la plus grande partie de leur temps \u00e0 l\u2019\u00e9cole et y font la plupart de leurs apprentissages. Il est donc indispensable qu\u2019\u00e9cole et familles se connaissent, se respectent et s\u2019entendent afin d\u2019aider les \u00e9l\u00e8ves \u00e0 faire [&hellip;]<\/p>\n","protected":false},"author":5,"featured_media":0,"parent":0,"menu_order":0,"comment_status":"closed","ping_status":"closed","template":"","meta":{"_et_pb_use_builder":"on","_et_pb_old_content":"<!-- wp:divi\/placeholder \/-->","_et_gb_content_width":""},"yoast_head":"<!-- This site is optimized with the Yoast SEO plugin v15.7 - https:\/\/yoast.com\/wordpress\/plugins\/seo\/ -->\n<title>Association de parents - CNDP<\/title>\n<meta name=\"robots\" content=\"noindex, follow\" \/>\n<meta property=\"og:locale\" content=\"fr_FR\" \/>\n<meta property=\"og:type\" content=\"article\" \/>\n<meta property=\"og:title\" content=\"Association de parents - CNDP\" \/>\n<meta property=\"og:description\" content=\"[et_pb_section fb_built=\u00a0\u00bb1&Prime; _builder_version=\u00a0\u00bb4.6.1&Prime; _module_preset=\u00a0\u00bbdefault\u00a0\u00bb background_color=\u00a0\u00bb#ffffff\u00a0\u00bb hover_enabled=\u00a0\u00bb0&Prime; sticky_enabled=\u00a0\u00bb0&Prime;][et_pb_row _builder_version=\u00a0\u00bb4.6.1&Prime; _module_preset=\u00a0\u00bbdefault\u00a0\u00bb][et_pb_column type=\u00a0\u00bb4_4&Prime; _builder_version=\u00a0\u00bb4.6.1&Prime; _module_preset=\u00a0\u00bbdefault\u00a0\u00bb][et_pb_text _builder_version=\u00a0\u00bb4.6.1&Prime; _module_preset=\u00a0\u00bbdefault\u00a0\u00bb inline_fonts=\u00a0\u00bbAcme,ABeeZee\u00a0\u00bb] Les enfants passent aujourd\u2019hui la plus grande partie de leur temps \u00e0 l\u2019\u00e9cole et y font la plupart de leurs apprentissages. Il est donc indispensable qu\u2019\u00e9cole et familles se connaissent, se respectent et s\u2019entendent afin d\u2019aider les \u00e9l\u00e8ves \u00e0 faire [&hellip;]\" \/>\n<meta property=\"og:url\" content=\"https:\/\/www.cndp-erpent-fondamental.be\/index.php\/association-de-parents\/\" \/>\n<meta property=\"og:site_name\" content=\"CNDP\" \/>\n<meta property=\"article:publisher\" content=\"https:\/\/www.facebook.com\/ErpentCNDP\" \/>\n<meta property=\"article:modified_time\" content=\"2022-04-11T13:46:45+00:00\" \/>\n<meta name=\"twitter:card\" content=\"summary_large_image\" \/>\n<meta name=\"twitter:label1\" content=\"Dur\u00e9e de lecture est.\">\n\t<meta name=\"twitter:data1\" content=\"2 minutes\">\n<script type=\"application\/ld+json\" class=\"yoast-schema-graph\">{\"@context\":\"https:\/\/schema.org\",\"@graph\":[{\"@type\":\"WebSite\",\"@id\":\"https:\/\/www.cndp-erpent-fondamental.be\/#website\",\"url\":\"https:\/\/www.cndp-erpent-fondamental.be\/\",\"name\":\"CNDP\",\"description\":\"Coll\\u00e8ge notre dame de la paix\",\"potentialAction\":[{\"@type\":\"SearchAction\",\"target\":\"https:\/\/www.cndp-erpent-fondamental.be\/?s={search_term_string}\",\"query-input\":\"required name=search_term_string\"}],\"inLanguage\":\"fr-FR\"},{\"@type\":\"WebPage\",\"@id\":\"https:\/\/www.cndp-erpent-fondamental.be\/index.php\/association-de-parents\/#webpage\",\"url\":\"https:\/\/www.cndp-erpent-fondamental.be\/index.php\/association-de-parents\/\",\"name\":\"Association de parents - CNDP\",\"isPartOf\":{\"@id\":\"https:\/\/www.cndp-erpent-fondamental.be\/#website\"},\"datePublished\":\"2020-09-28T08:30:23+00:00\",\"dateModified\":\"2022-04-11T13:46:45+00:00\",\"inLanguage\":\"fr-FR\",\"potentialAction\":[{\"@type\":\"ReadAction\",\"target\":[\"https:\/\/www.cndp-erpent-fondamental.be\/index.php\/association-de-parents\/\"]}]}]}<\/script>\n<!-- \/ Yoast SEO plugin. -->","_links":{"self":[{"href":"https:\/\/www.cndp-erpent-fondamental.be\/index.php\/wp-json\/wp\/v2\/pages\/96"}],"collection":[{"href":"https:\/\/www.cndp-erpent-fondamental.be\/index.php\/wp-json\/wp\/v2\/pages"}],"about":[{"href":"https:\/\/www.cndp-erpent-fondamental.be\/index.php\/wp-json\/wp\/v2\/types\/page"}],"author":[{"embeddable":true,"href":"https:\/\/www.cndp-erpent-fondamental.be\/index.php\/wp-json\/wp\/v2\/users\/5"}],"replies":[{"embeddable":true,"href":"https:\/\/www.cndp-erpent-fondamental.be\/index.php\/wp-json\/wp\/v2\/comments?post=96"}],"version-history":[{"count":6,"href":"https:\/\/www.cndp-erpent-fondamental.be\/index.php\/wp-json\/wp\/v2\/pages\/96\/revisions"}],"predecessor-version":[{"id":2139,"href":"https:\/\/www.cndp-erpent-fondamental.be\/index.php\/wp-json\/wp\/v2\/pages\/96\/revisions\/2139"}],"wp:attachment":[{"href":"https:\/\/www.cndp-erpent-fondamental.be\/index.php\/wp-json\/wp\/v2\/media?parent=96"}],"curies":[{"name":"wp","href":"https:\/\/api.w.org\/{rel}","templated":true}]}}