{"id":243,"date":"2020-09-30T14:43:06","date_gmt":"2020-09-30T12:43:06","guid":{"rendered":"https:\/\/www.cndp-erpent-fondamental.be\/?page_id=243"},"modified":"2022-04-07T11:17:35","modified_gmt":"2022-04-07T09:17:35","slug":"carte-rouge-ou-verte","status":"publish","type":"page","link":"https:\/\/www.cndp-erpent-fondamental.be\/index.php\/carte-rouge-ou-verte\/","title":{"rendered":"Cartes rouge ou verte"},"content":{"rendered":"\n[et_pb_section fb_built=\u00a0\u00bb1&Prime; _builder_version=\u00a0\u00bb4.6.1&Prime; _module_preset=\u00a0\u00bbdefault\u00a0\u00bb background_color=\u00a0\u00bb#88c4dd\u00a0\u00bb][et_pb_row column_structure=\u00a0\u00bb1_2,1_2&Prime; _builder_version=\u00a0\u00bb4.6.1&Prime; _module_preset=\u00a0\u00bbdefault\u00a0\u00bb][et_pb_column type=\u00a0\u00bb1_2&Prime; _builder_version=\u00a0\u00bb4.6.1&Prime; _module_preset=\u00a0\u00bbdefault\u00a0\u00bb][et_pb_text _builder_version=\u00a0\u00bb4.6.1&Prime; _module_preset=\u00a0\u00bbdefault\u00a0\u00bb inline_fonts=\u00a0\u00bbAcme\u00a0\u00bb]<h3 style=\"text-align: justify;\"><span style=\"font-family: Acme; font-weight: normal;\">En <span style=\"color: #e02b20;\">maternelle<\/span>, les enfants doivent obligatoirement \u00eatre repris par un adulte. Cependant, un fr\u00e8re ou une s\u0153ur ain\u00e9(e) peut \u00e9galement s&rsquo;en charger s&rsquo;il dispose de la carte jaune transmise en d\u00e9but d&rsquo;ann\u00e9e en fonction de la demande des parents.\u00a0<\/span><\/h3>[\/et_pb_text][\/et_pb_column][et_pb_column type=\u00a0\u00bb1_2&Prime; _builder_version=\u00a0\u00bb4.6.1&Prime; _module_preset=\u00a0\u00bbdefault\u00a0\u00bb][et_pb_text _builder_version=\u00a0\u00bb4.6.1&Prime; _module_preset=\u00a0\u00bbdefault\u00a0\u00bb inline_fonts=\u00a0\u00bbAcme\u00a0\u00bb]<h3 style=\"text-align: justify;\"><span style=\"font-family: Acme;\">En <span style=\"color: #e02b20;\">primaire<\/span>, les enfants peuvent quitter l&rsquo;\u00e9cole individuellement s&rsquo;ils poss\u00e8dent une carte verte. S&rsquo;ils doivent \u00eatre repris par un adulte ou un fr\u00e8re\/s\u0153ur ain\u00e9(e), les parents doivent alors demander une carte rouge.\u00a0<\/span><\/h3>[\/et_pb_text][\/et_pb_column][\/et_pb_row][et_pb_row column_structure=\u00a0\u00bb1_2,1_2&Prime; _builder_version=\u00a0\u00bb4.6.1&Prime; _module_preset=\u00a0\u00bbdefault\u00a0\u00bb][et_pb_column type=\u00a0\u00bb1_2&Prime; _builder_version=\u00a0\u00bb4.6.1&Prime; _module_preset=\u00a0\u00bbdefault\u00a0\u00bb][et_pb_text _builder_version=\u00a0\u00bb4.6.1&Prime; _module_preset=\u00a0\u00bbdefault\u00a0\u00bb link_option_url=\u00a0\u00bbhttps:\/\/www.cndp-erpent-fondamental.be\/wp-content\/uploads\/2020\/12\/Feuille-sortie-mat.pdf\u00a0\u00bb hover_enabled=\u00a0\u00bb0&Prime; inline_fonts=\u00a0\u00bbAcme\u00a0\u00bb sticky_enabled=\u00a0\u00bb0&Prime; border_radii=\u00a0\u00bbon|5px|5px|5px|5px\u00a0\u00bb border_color_all=\u00a0\u00bb#000000&Prime; border_width_all=\u00a0\u00bb2px\u00a0\u00bb]<h3 style=\"text-align: center;\"><span style=\"font-family: Acme; font-weight: normal;\">Lien vers le document \u00e0 remplir en d\u00e9but d&rsquo;ann\u00e9e<\/span><\/h3>\n[\/et_pb_text][\/et_pb_column][et_pb_column type=\u00a0\u00bb1_2&Prime; _builder_version=\u00a0\u00bb4.6.1&Prime; _module_preset=\u00a0\u00bbdefault\u00a0\u00bb][et_pb_text _builder_version=\u00a0\u00bb4.6.1&Prime; _module_preset=\u00a0\u00bbdefault\u00a0\u00bb link_option_url=\u00a0\u00bbhttps:\/\/www.cndp-erpent-fondamental.be\/wp-content\/uploads\/2020\/12\/Carte-de-sortie-prim.pdf\u00a0\u00bb hover_enabled=\u00a0\u00bb0&Prime; inline_fonts=\u00a0\u00bbAcme\u00a0\u00bb sticky_enabled=\u00a0\u00bb0&Prime; border_radii=\u00a0\u00bbon|5px|5px|5px|5px\u00a0\u00bb border_width_all=\u00a0\u00bb2px\u00a0\u00bb]<h3 style=\"text-align: center;\"><span style=\"font-family: Acme;\">Lien vers le document \u00e0 remplir en d\u00e9but d&rsquo;ann\u00e9e<\/span><\/h3>\n[\/et_pb_text][\/et_pb_column][\/et_pb_row][\/et_pb_section]\n","protected":false},"excerpt":{"rendered":"","protected":false},"author":5,"featured_media":0,"parent":0,"menu_order":0,"comment_status":"closed","ping_status":"closed","template":"","meta":{"_et_pb_use_builder":"on","_et_pb_old_content":"<!-- wp:divi\/placeholder \/-->","_et_gb_content_width":""},"yoast_head":"<!-- This site is optimized with the Yoast SEO plugin v15.7 - https:\/\/yoast.com\/wordpress\/plugins\/seo\/ -->\n<title>Cartes rouge ou verte - CNDP<\/title>\n<meta name=\"robots\" content=\"noindex, follow\" \/>\n<meta property=\"og:locale\" content=\"fr_FR\" \/>\n<meta property=\"og:type\" content=\"article\" \/>\n<meta property=\"og:title\" content=\"Cartes rouge ou verte - CNDP\" \/>\n<meta property=\"og:url\" content=\"https:\/\/www.cndp-erpent-fondamental.be\/index.php\/carte-rouge-ou-verte\/\" \/>\n<meta property=\"og:site_name\" content=\"CNDP\" \/>\n<meta property=\"article:publisher\" content=\"https:\/\/www.facebook.com\/ErpentCNDP\" \/>\n<meta property=\"article:modified_time\" content=\"2022-04-07T09:17:35+00:00\" \/>\n<meta name=\"twitter:card\" content=\"summary_large_image\" \/>\n<meta name=\"twitter:label1\" content=\"Dur\u00e9e de lecture est.\">\n\t<meta name=\"twitter:data1\" content=\"1 minute\">\n<script type=\"application\/ld+json\" class=\"yoast-schema-graph\">{\"@context\":\"https:\/\/schema.org\",\"@graph\":[{\"@type\":\"WebSite\",\"@id\":\"https:\/\/www.cndp-erpent-fondamental.be\/#website\",\"url\":\"https:\/\/www.cndp-erpent-fondamental.be\/\",\"name\":\"CNDP\",\"description\":\"Coll\\u00e8ge notre dame de la paix\",\"potentialAction\":[{\"@type\":\"SearchAction\",\"target\":\"https:\/\/www.cndp-erpent-fondamental.be\/?s={search_term_string}\",\"query-input\":\"required name=search_term_string\"}],\"inLanguage\":\"fr-FR\"},{\"@type\":\"WebPage\",\"@id\":\"https:\/\/www.cndp-erpent-fondamental.be\/index.php\/carte-rouge-ou-verte\/#webpage\",\"url\":\"https:\/\/www.cndp-erpent-fondamental.be\/index.php\/carte-rouge-ou-verte\/\",\"name\":\"Cartes rouge ou verte - CNDP\",\"isPartOf\":{\"@id\":\"https:\/\/www.cndp-erpent-fondamental.be\/#website\"},\"datePublished\":\"2020-09-30T12:43:06+00:00\",\"dateModified\":\"2022-04-07T09:17:35+00:00\",\"inLanguage\":\"fr-FR\",\"potentialAction\":[{\"@type\":\"ReadAction\",\"target\":[\"https:\/\/www.cndp-erpent-fondamental.be\/index.php\/carte-rouge-ou-verte\/\"]}]}]}<\/script>\n<!-- \/ Yoast SEO plugin. -->","_links":{"self":[{"href":"https:\/\/www.cndp-erpent-fondamental.be\/index.php\/wp-json\/wp\/v2\/pages\/243"}],"collection":[{"href":"https:\/\/www.cndp-erpent-fondamental.be\/index.php\/wp-json\/wp\/v2\/pages"}],"about":[{"href":"https:\/\/www.cndp-erpent-fondamental.be\/index.php\/wp-json\/wp\/v2\/types\/page"}],"author":[{"embeddable":true,"href":"https:\/\/www.cndp-erpent-fondamental.be\/index.php\/wp-json\/wp\/v2\/users\/5"}],"replies":[{"embeddable":true,"href":"https:\/\/www.cndp-erpent-fondamental.be\/index.php\/wp-json\/wp\/v2\/comments?post=243"}],"version-history":[{"count":12,"href":"https:\/\/www.cndp-erpent-fondamental.be\/index.php\/wp-json\/wp\/v2\/pages\/243\/revisions"}],"predecessor-version":[{"id":2079,"href":"https:\/\/www.cndp-erpent-fondamental.be\/index.php\/wp-json\/wp\/v2\/pages\/243\/revisions\/2079"}],"wp:attachment":[{"href":"https:\/\/www.cndp-erpent-fondamental.be\/index.php\/wp-json\/wp\/v2\/media?parent=243"}],"curies":[{"name":"wp","href":"https:\/\/api.w.org\/{rel}","templated":true}]}}