{"id":2313,"date":"2023-10-25T17:00:56","date_gmt":"2023-10-25T15:00:56","guid":{"rendered":"https:\/\/www.cndp-erpent-fondamental.be\/?page_id=2313"},"modified":"2023-10-31T12:43:41","modified_gmt":"2023-10-31T11:43:41","slug":"pms-erpent","status":"publish","type":"page","link":"https:\/\/www.cndp-erpent-fondamental.be\/index.php\/pms-erpent\/","title":{"rendered":"PMS &#8211; Erpent"},"content":{"rendered":"<p>[et_pb_section fb_built=\u00a0\u00bb1&Prime; _builder_version=\u00a0\u00bb4.6.1&Prime; _module_preset=\u00a0\u00bbdefault\u00a0\u00bb background_color=\u00a0\u00bb#ffffff\u00a0\u00bb hover_enabled=\u00a0\u00bb0&Prime; title_text=\u00a0\u00bbCapture d\u2019\u00e9cran 2023-10-31 123641&Prime; parallax=\u00a0\u00bbon\u00a0\u00bb sticky_enabled=\u00a0\u00bb0&Prime; background_enable_image=\u00a0\u00bboff\u00a0\u00bb][et_pb_row _builder_version=\u00a0\u00bb4.6.1&Prime; _module_preset=\u00a0\u00bbdefault\u00a0\u00bb hover_enabled=\u00a0\u00bb0&Prime; sticky_enabled=\u00a0\u00bb0&Prime;][et_pb_column type=\u00a0\u00bb4_4&Prime; _builder_version=\u00a0\u00bb4.6.1&Prime; _module_preset=\u00a0\u00bbdefault\u00a0\u00bb][et_pb_text _builder_version=\u00a0\u00bb4.6.1&Prime; _module_preset=\u00a0\u00bbdefault\u00a0\u00bb hover_enabled=\u00a0\u00bb0&Prime; inline_fonts=\u00a0\u00bbAcme,ABeeZee\u00a0\u00bb sticky_enabled=\u00a0\u00bb0&Prime;]<\/p>\n<h4><span style=\"font-family: ABeeZee; font-weight: normal;\">L&rsquo;\u00e9quipe PMS<br \/> <\/span><\/h4>\n<p><span style=\"font-family: ABeeZee; font-weight: normal;\"><\/span><\/p>\n<p>Le centre PMS collabore avec l\u2019\u00e9cole de votre enfant.\u00a0Il s\u2019agit d\u2019une \u00e9quipe constitu\u00e9e de psychologues, d\u2019assistants sociaux, d\u2019infirmiers\u00a0et de logop\u00e8des. Vous trouverez d&rsquo;ailleurs une pr\u00e9sentation de notre \u00e9quipe ci-dessous.<br \/> Notre mission est de favoriser le bien-\u00eatre des enfants. C\u2019est donc en \u00e9changeant\u00a0avec vous ainsi qu\u2019avec l\u2019\u00e9quipe \u00e9ducative de l\u2019\u00e9cole que nous pouvons y veiller.\u00a0Tout au long de cette ann\u00e9e, nous allons \u00eatre attentifs \u00e0 l\u2019\u00e9volution de votre enfant.<\/p>\n<p>En collaboration avec son enseignant.e, nous observerons ses progr\u00e8s, ses points\u00a0forts et r\u00e9fl\u00e9chirons \u00e0 ses besoins.\u00a0Un retour vous sera communiqu\u00e9 en temps utile si n\u00e9cessaire.<br \/> Votre regard nous est pr\u00e9cieux pour nous aider \u00e0 faire connaissance avec lui. C\u2019est\u00a0pourquoi nous vous invitons \u00e0 nous communiquer toutes les informations que vous trouverez utiles \u00e0 notre travail.\u00a0Pour ce faire, vous pouvez nous envoyer un e-mail aux adresses suivantes :<br \/> <a href=\"mailto:cecile.hauwaert@pms-selina.be\">cecile.hauwaert@pms-selina.be <span style=\"color: #6d6d6d;\">et <\/span><\/a><a href=\"mailto:jean-louis.sprumont@pms-selina.be\">jean-louis.sprumont@pms-selina.be<\/a><\/p>\n<p>Cela nous permettra d\u2019avoir une vision globale de votre enfant et de l\u2019accompagner au mieux durant toute sa scolarit\u00e9.\u00a0Nous sommes \u00e9galement disponibles pour une rencontre si vous le souhaitez.<br \/> Le Centre P.M.S. est un service ind\u00e9pendant, gratuit, tenu au secret professionnel.<\/p>\n<p>Il est \u00e0 votre disposition en p\u00e9riode scolaire, la premi\u00e8re semaine de juillet et les\u00a0deux derni\u00e8res d\u2019ao\u00fbt.<\/p>\n<p>Nous vous souhaitons une belle ann\u00e9e scolaire aux c\u00f4t\u00e9s de votre enfant.<\/p>\n<p>&nbsp;<\/p>\n<p><strong><em>N.B.\u202f:<br \/> Durant la scolarit\u00e9, nous sommes amen\u00e9s \u00e0 faire des animations int\u00e9gr\u00e9es dans les activit\u00e9s de la classe. Des \u00e9valuations collectives et des interventions individuelles peuvent aussi \u00eatre propos\u00e9es. Ces derni\u00e8res, les parents ont la facult\u00e9 de les refuser pour leur enfant. Dans ce cas, nous vous invitons \u00e0 demander \u00e0 la Direction du CPMS le formulaire \u00e0 remplir pr\u00e9vu par la loi.<\/em><\/strong><\/p>\n<p>&nbsp;<\/p>\n<p><strong><em>Les donn\u00e9es personnelles de votre enfant sont trait\u00e9es conform\u00e9ment \u00e0 la loi du 8 d\u00e9cembre 1992 relative \u00e0 la protection de la vie priv\u00e9e. Les donn\u00e9es peuvent \u00eatre, si besoin, \u00e9chang\u00e9es avec les Services de Promotion de la Sant\u00e9 \u00e0 l\u2019Ecole (SPSE).<\/em><\/strong><\/p>\n<p>&nbsp;<\/p>\n<p>L\u2019\u00e9quipe du centre PMS libre 3<\/p>\n<p>24, rue du Lombard<\/p>\n<p>5000 Namur<\/p>\n<p>081\/22.39.36<\/p>\n<p>Sylvain Beaufort &#8211; Infirmier<br \/> Jean-Louis Sprumont &#8211; Assistant social<br \/> Florence Fraiture &#8211; Logop\u00e8de<br \/> C\u00e9cile Hauwaert &#8211; Psychologue<\/p>\n<h4><span style=\"font-family: ABeeZee; font-weight: normal;\">\u00a0<\/span><\/h4>\n<p>[\/et_pb_text][\/et_pb_column][\/et_pb_row][et_pb_row _builder_version=\u00a0\u00bb4.6.1&Prime; _module_preset=\u00a0\u00bbdefault\u00a0\u00bb][et_pb_column _builder_version=\u00a0\u00bb4.6.1&Prime; _module_preset=\u00a0\u00bbdefault\u00a0\u00bb type=\u00a0\u00bb4_4&Prime;][et_pb_image src=\u00a0\u00bbhttps:\/\/www.cndp-erpent-fondamental.be\/wp-content\/uploads\/2023\/10\/Capture-decran-2023-10-31-124218.jpg\u00a0\u00bb _builder_version=\u00a0\u00bb4.6.1&Prime; _module_preset=\u00a0\u00bbdefault\u00a0\u00bb title_text=\u00a0\u00bbCapture d\u2019\u00e9cran 2023-10-31 124218&Prime; background_color=\u00a0\u00bb#ffffff\u00a0\u00bb hover_enabled=\u00a0\u00bb0&Prime; sticky_enabled=\u00a0\u00bb0&Prime;][\/et_pb_image][\/et_pb_column][\/et_pb_row][\/et_pb_section]<\/p>\n","protected":false},"excerpt":{"rendered":"<p>[et_pb_section fb_built=\u00a0\u00bb1&Prime; _builder_version=\u00a0\u00bb4.6.1&Prime; _module_preset=\u00a0\u00bbdefault\u00a0\u00bb background_color=\u00a0\u00bb#ffffff\u00a0\u00bb hover_enabled=\u00a0\u00bb0&Prime; title_text=\u00a0\u00bbCapture d\u2019\u00e9cran 2023-10-31 123641&Prime; parallax=\u00a0\u00bbon\u00a0\u00bb sticky_enabled=\u00a0\u00bb0&Prime; background_enable_image=\u00a0\u00bboff\u00a0\u00bb][et_pb_row _builder_version=\u00a0\u00bb4.6.1&Prime; _module_preset=\u00a0\u00bbdefault\u00a0\u00bb hover_enabled=\u00a0\u00bb0&Prime; sticky_enabled=\u00a0\u00bb0&Prime;][et_pb_column type=\u00a0\u00bb4_4&Prime; _builder_version=\u00a0\u00bb4.6.1&Prime; _module_preset=\u00a0\u00bbdefault\u00a0\u00bb][et_pb_text _builder_version=\u00a0\u00bb4.6.1&Prime; _module_preset=\u00a0\u00bbdefault\u00a0\u00bb hover_enabled=\u00a0\u00bb0&Prime; inline_fonts=\u00a0\u00bbAcme,ABeeZee\u00a0\u00bb sticky_enabled=\u00a0\u00bb0&Prime;] L&rsquo;\u00e9quipe PMS Le centre PMS collabore avec l\u2019\u00e9cole de votre enfant.\u00a0Il s\u2019agit d\u2019une \u00e9quipe constitu\u00e9e de psychologues, d\u2019assistants sociaux, d\u2019infirmiers\u00a0et de logop\u00e8des. Vous trouverez d&rsquo;ailleurs une pr\u00e9sentation de notre \u00e9quipe [&hellip;]<\/p>\n","protected":false},"author":5,"featured_media":0,"parent":0,"menu_order":0,"comment_status":"closed","ping_status":"closed","template":"","meta":{"_et_pb_use_builder":"on","_et_pb_old_content":"","_et_gb_content_width":""},"yoast_head":"<!-- This site is optimized with the Yoast SEO plugin v15.7 - https:\/\/yoast.com\/wordpress\/plugins\/seo\/ -->\n<title>PMS - Erpent - CNDP<\/title>\n<meta name=\"robots\" content=\"noindex, follow\" \/>\n<meta property=\"og:locale\" content=\"fr_FR\" \/>\n<meta property=\"og:type\" content=\"article\" \/>\n<meta property=\"og:title\" content=\"PMS - Erpent - CNDP\" \/>\n<meta property=\"og:description\" content=\"[et_pb_section fb_built=\u00a0\u00bb1&Prime; _builder_version=\u00a0\u00bb4.6.1&Prime; _module_preset=\u00a0\u00bbdefault\u00a0\u00bb background_color=\u00a0\u00bb#ffffff\u00a0\u00bb hover_enabled=\u00a0\u00bb0&Prime; title_text=\u00a0\u00bbCapture d\u2019\u00e9cran 2023-10-31 123641&Prime; parallax=\u00a0\u00bbon\u00a0\u00bb sticky_enabled=\u00a0\u00bb0&Prime; background_enable_image=\u00a0\u00bboff\u00a0\u00bb][et_pb_row _builder_version=\u00a0\u00bb4.6.1&Prime; _module_preset=\u00a0\u00bbdefault\u00a0\u00bb hover_enabled=\u00a0\u00bb0&Prime; sticky_enabled=\u00a0\u00bb0&Prime;][et_pb_column type=\u00a0\u00bb4_4&Prime; _builder_version=\u00a0\u00bb4.6.1&Prime; _module_preset=\u00a0\u00bbdefault\u00a0\u00bb][et_pb_text _builder_version=\u00a0\u00bb4.6.1&Prime; _module_preset=\u00a0\u00bbdefault\u00a0\u00bb hover_enabled=\u00a0\u00bb0&Prime; inline_fonts=\u00a0\u00bbAcme,ABeeZee\u00a0\u00bb sticky_enabled=\u00a0\u00bb0&Prime;] L&rsquo;\u00e9quipe PMS Le centre PMS collabore avec l\u2019\u00e9cole de votre enfant.\u00a0Il s\u2019agit d\u2019une \u00e9quipe constitu\u00e9e de psychologues, d\u2019assistants sociaux, d\u2019infirmiers\u00a0et de logop\u00e8des. Vous trouverez d&rsquo;ailleurs une pr\u00e9sentation de notre \u00e9quipe [&hellip;]\" \/>\n<meta property=\"og:url\" content=\"https:\/\/www.cndp-erpent-fondamental.be\/index.php\/pms-erpent\/\" \/>\n<meta property=\"og:site_name\" content=\"CNDP\" \/>\n<meta property=\"article:publisher\" content=\"https:\/\/www.facebook.com\/ErpentCNDP\" \/>\n<meta property=\"article:modified_time\" content=\"2023-10-31T11:43:41+00:00\" \/>\n<meta name=\"twitter:card\" content=\"summary_large_image\" \/>\n<meta name=\"twitter:label1\" content=\"Dur\u00e9e de lecture est.\">\n\t<meta name=\"twitter:data1\" content=\"1 minute\">\n<script type=\"application\/ld+json\" class=\"yoast-schema-graph\">{\"@context\":\"https:\/\/schema.org\",\"@graph\":[{\"@type\":\"WebSite\",\"@id\":\"https:\/\/www.cndp-erpent-fondamental.be\/#website\",\"url\":\"https:\/\/www.cndp-erpent-fondamental.be\/\",\"name\":\"CNDP\",\"description\":\"Coll\\u00e8ge notre dame de la paix\",\"potentialAction\":[{\"@type\":\"SearchAction\",\"target\":\"https:\/\/www.cndp-erpent-fondamental.be\/?s={search_term_string}\",\"query-input\":\"required name=search_term_string\"}],\"inLanguage\":\"fr-FR\"},{\"@type\":\"WebPage\",\"@id\":\"https:\/\/www.cndp-erpent-fondamental.be\/index.php\/pms-erpent\/#webpage\",\"url\":\"https:\/\/www.cndp-erpent-fondamental.be\/index.php\/pms-erpent\/\",\"name\":\"PMS - Erpent - CNDP\",\"isPartOf\":{\"@id\":\"https:\/\/www.cndp-erpent-fondamental.be\/#website\"},\"datePublished\":\"2023-10-25T15:00:56+00:00\",\"dateModified\":\"2023-10-31T11:43:41+00:00\",\"inLanguage\":\"fr-FR\",\"potentialAction\":[{\"@type\":\"ReadAction\",\"target\":[\"https:\/\/www.cndp-erpent-fondamental.be\/index.php\/pms-erpent\/\"]}]}]}<\/script>\n<!-- \/ Yoast SEO plugin. -->","_links":{"self":[{"href":"https:\/\/www.cndp-erpent-fondamental.be\/index.php\/wp-json\/wp\/v2\/pages\/2313"}],"collection":[{"href":"https:\/\/www.cndp-erpent-fondamental.be\/index.php\/wp-json\/wp\/v2\/pages"}],"about":[{"href":"https:\/\/www.cndp-erpent-fondamental.be\/index.php\/wp-json\/wp\/v2\/types\/page"}],"author":[{"embeddable":true,"href":"https:\/\/www.cndp-erpent-fondamental.be\/index.php\/wp-json\/wp\/v2\/users\/5"}],"replies":[{"embeddable":true,"href":"https:\/\/www.cndp-erpent-fondamental.be\/index.php\/wp-json\/wp\/v2\/comments?post=2313"}],"version-history":[{"count":7,"href":"https:\/\/www.cndp-erpent-fondamental.be\/index.php\/wp-json\/wp\/v2\/pages\/2313\/revisions"}],"predecessor-version":[{"id":2352,"href":"https:\/\/www.cndp-erpent-fondamental.be\/index.php\/wp-json\/wp\/v2\/pages\/2313\/revisions\/2352"}],"wp:attachment":[{"href":"https:\/\/www.cndp-erpent-fondamental.be\/index.php\/wp-json\/wp\/v2\/media?parent=2313"}],"curies":[{"name":"wp","href":"https:\/\/api.w.org\/{rel}","templated":true}]}}