{"id":2174,"date":"2022-04-22T20:15:01","date_gmt":"2022-04-22T18:15:01","guid":{"rendered":"https:\/\/www.cndp-erpent-fondamental.be\/?page_id=2174"},"modified":"2025-11-10T13:54:36","modified_gmt":"2025-11-10T12:54:36","slug":"fiches-dinscription-a-telecharger","status":"publish","type":"page","link":"https:\/\/www.cndp-erpent-fondamental.be\/index.php\/fiches-dinscription-a-telecharger\/","title":{"rendered":"Fiches d&rsquo;inscription \u00e0 t\u00e9l\u00e9charger"},"content":{"rendered":"<p>[et_pb_section fb_built=\u00a0\u00bb1&Prime; _builder_version=\u00a0\u00bb4.6.1&Prime; _module_preset=\u00a0\u00bbdefault\u00a0\u00bb background_color=\u00a0\u00bb#ffffff\u00a0\u00bb][et_pb_row column_structure=\u00a0\u00bb1_3,1_3,1_3&Prime; _builder_version=\u00a0\u00bb4.6.1&Prime; _module_preset=\u00a0\u00bbdefault\u00a0\u00bb][et_pb_column type=\u00a0\u00bb1_3&Prime; _builder_version=\u00a0\u00bb4.6.1&Prime; _module_preset=\u00a0\u00bbdefault\u00a0\u00bb][et_pb_image src=\u00a0\u00bbhttps:\/\/www.cndp-erpent-fondamental.be\/wp-content\/uploads\/2023\/01\/fiche-dinscription-CNDP-ERPENT-MATERNELLE-new-2022-2023-1-pdf.jpg\u00a0\u00bb title_text=\u00a0\u00bbfiche d&rsquo;inscription CNDP ERPENT MATERNELLE new 2022-2023&Prime; url=\u00a0\u00bbhttps:\/\/www.cndp-erpent-fondamental.be\/wp-content\/uploads\/2023\/01\/fiche-dinscription-CNDP-ERPENT-MATERNELLE-new-2022-2023-2.pdf\u00a0\u00bb _builder_version=\u00a0\u00bb4.6.1&Prime; _module_preset=\u00a0\u00bbdefault\u00a0\u00bb border_radii=\u00a0\u00bbon|1px|1px|1px|1px\u00a0\u00bb border_width_all=\u00a0\u00bb1px\u00a0\u00bb border_color_all=\u00a0\u00bbrgba(51,51,51,0.65)\u00a0\u00bb][\/et_pb_image][\/et_pb_column][et_pb_column type=\u00a0\u00bb1_3&Prime; _builder_version=\u00a0\u00bb4.6.1&Prime; _module_preset=\u00a0\u00bbdefault\u00a0\u00bb][et_pb_image src=\u00a0\u00bbhttps:\/\/www.cndp-erpent-fondamental.be\/wp-content\/uploads\/2025\/11\/fiche-dinscription-CNDP-ERPENT-PRIMAIRE-1-pdf.jpg\u00a0\u00bb title_text=\u00a0\u00bbfiche d&rsquo;inscription CNDP ERPENT PRIMAIRE\u00a0\u00bb url=\u00a0\u00bbhttps:\/\/www.cndp-erpent-fondamental.be\/wp-content\/uploads\/2025\/11\/fiche-dinscription-CNDP-ERPENT-PRIMAIRE-3.pdf\u00a0\u00bb _builder_version=\u00a0\u00bb4.6.1&Prime; _module_preset=\u00a0\u00bbdefault\u00a0\u00bb hover_enabled=\u00a0\u00bb0&Prime; border_radii=\u00a0\u00bbon|1px|1px|1px|1px\u00a0\u00bb border_width_all=\u00a0\u00bb1px\u00a0\u00bb border_color_all=\u00a0\u00bbrgba(51,51,51,0.59)\u00a0\u00bb sticky_enabled=\u00a0\u00bb0&Prime;][\/et_pb_image][\/et_pb_column][et_pb_column type=\u00a0\u00bb1_3&Prime; _builder_version=\u00a0\u00bb4.6.1&Prime; _module_preset=\u00a0\u00bbdefault\u00a0\u00bb][et_pb_image src=\u00a0\u00bbhttps:\/\/www.cndp-erpent-fondamental.be\/wp-content\/uploads\/2023\/12\/Capture-decran-2023-12-05-130032.png\u00a0\u00bb title_text=\u00a0\u00bbCapture d&rsquo;\u00e9cran 2023-12-05 130032&Prime; url=\u00a0\u00bbhttps:\/\/www.cndp-erpent-fondamental.be\/wp-content\/uploads\/2023\/12\/fiche-dinscription-Petit-College-mars-23.pdf\u00a0\u00bb _builder_version=\u00a0\u00bb4.6.1&Prime; _module_preset=\u00a0\u00bbdefault\u00a0\u00bb border_radii=\u00a0\u00bbon|1px|1px|1px|1px\u00a0\u00bb border_width_all=\u00a0\u00bb1px\u00a0\u00bb border_color_all=\u00a0\u00bbrgba(51,51,51,0.62)\u00a0\u00bb][\/et_pb_image][\/et_pb_column][\/et_pb_row][et_pb_row column_structure=\u00a0\u00bb1_3,1_3,1_3&Prime; _builder_version=\u00a0\u00bb4.6.1&Prime; _module_preset=\u00a0\u00bbdefault\u00a0\u00bb][et_pb_column type=\u00a0\u00bb1_3&Prime; _builder_version=\u00a0\u00bb4.6.1&Prime; _module_preset=\u00a0\u00bbdefault\u00a0\u00bb][et_pb_text _builder_version=\u00a0\u00bb4.6.1&Prime; _module_preset=\u00a0\u00bbdefault\u00a0\u00bb]<\/p>\n<h3 style=\"text-align: center;\">Fiche d&rsquo;inscription en maternelle<\/h3>\n<p>[\/et_pb_text][\/et_pb_column][et_pb_column type=\u00a0\u00bb1_3&Prime; _builder_version=\u00a0\u00bb4.6.1&Prime; _module_preset=\u00a0\u00bbdefault\u00a0\u00bb][et_pb_text _builder_version=\u00a0\u00bb4.6.1&Prime; _module_preset=\u00a0\u00bbdefault\u00a0\u00bb]<\/p>\n<h3 style=\"text-align: center;\">Fiche d&rsquo;inscription en Primaire<\/h3>\n<h3 style=\"text-align: center;\">\u00e0 Erpent<\/h3>\n<p>[\/et_pb_text][\/et_pb_column][et_pb_column type=\u00a0\u00bb1_3&Prime; _builder_version=\u00a0\u00bb4.6.1&Prime; _module_preset=\u00a0\u00bbdefault\u00a0\u00bb][et_pb_text _builder_version=\u00a0\u00bb4.6.1&Prime; _module_preset=\u00a0\u00bbdefault\u00a0\u00bb]<\/p>\n<h3 style=\"text-align: center;\">Fiche d&rsquo;inscription en Primaire<\/h3>\n<h3 style=\"text-align: center;\">au Petit Coll\u00e8ge de Godinne<\/h3>\n<p>[\/et_pb_text][\/et_pb_column][\/et_pb_row][\/et_pb_section]<\/p>\n","protected":false},"excerpt":{"rendered":"<p>[et_pb_section fb_built=\u00a0\u00bb1&Prime; _builder_version=\u00a0\u00bb4.6.1&Prime; _module_preset=\u00a0\u00bbdefault\u00a0\u00bb background_color=\u00a0\u00bb#ffffff\u00a0\u00bb][et_pb_row column_structure=\u00a0\u00bb1_3,1_3,1_3&Prime; _builder_version=\u00a0\u00bb4.6.1&Prime; _module_preset=\u00a0\u00bbdefault\u00a0\u00bb][et_pb_column type=\u00a0\u00bb1_3&Prime; _builder_version=\u00a0\u00bb4.6.1&Prime; _module_preset=\u00a0\u00bbdefault\u00a0\u00bb][et_pb_image src=\u00a0\u00bbhttps:\/\/www.cndp-erpent-fondamental.be\/wp-content\/uploads\/2023\/01\/fiche-dinscription-CNDP-ERPENT-MATERNELLE-new-2022-2023-1-pdf.jpg\u00a0\u00bb title_text=\u00a0\u00bbfiche d&rsquo;inscription CNDP ERPENT MATERNELLE new 2022-2023&Prime; url=\u00a0\u00bbhttps:\/\/www.cndp-erpent-fondamental.be\/wp-content\/uploads\/2023\/01\/fiche-dinscription-CNDP-ERPENT-MATERNELLE-new-2022-2023-2.pdf\u00a0\u00bb _builder_version=\u00a0\u00bb4.6.1&Prime; _module_preset=\u00a0\u00bbdefault\u00a0\u00bb border_radii=\u00a0\u00bbon|1px|1px|1px|1px\u00a0\u00bb border_width_all=\u00a0\u00bb1px\u00a0\u00bb border_color_all=\u00a0\u00bbrgba(51,51,51,0.65)\u00a0\u00bb][\/et_pb_image][\/et_pb_column][et_pb_column type=\u00a0\u00bb1_3&Prime; _builder_version=\u00a0\u00bb4.6.1&Prime; _module_preset=\u00a0\u00bbdefault\u00a0\u00bb][et_pb_image src=\u00a0\u00bbhttps:\/\/www.cndp-erpent-fondamental.be\/wp-content\/uploads\/2025\/11\/fiche-dinscription-CNDP-ERPENT-PRIMAIRE-1-pdf.jpg\u00a0\u00bb title_text=\u00a0\u00bbfiche d&rsquo;inscription CNDP ERPENT PRIMAIRE\u00a0\u00bb url=\u00a0\u00bbhttps:\/\/www.cndp-erpent-fondamental.be\/wp-content\/uploads\/2025\/11\/fiche-dinscription-CNDP-ERPENT-PRIMAIRE-3.pdf\u00a0\u00bb _builder_version=\u00a0\u00bb4.6.1&Prime; _module_preset=\u00a0\u00bbdefault\u00a0\u00bb hover_enabled=\u00a0\u00bb0&Prime; border_radii=\u00a0\u00bbon|1px|1px|1px|1px\u00a0\u00bb border_width_all=\u00a0\u00bb1px\u00a0\u00bb border_color_all=\u00a0\u00bbrgba(51,51,51,0.59)\u00a0\u00bb sticky_enabled=\u00a0\u00bb0&Prime;][\/et_pb_image][\/et_pb_column][et_pb_column type=\u00a0\u00bb1_3&Prime; _builder_version=\u00a0\u00bb4.6.1&Prime; _module_preset=\u00a0\u00bbdefault\u00a0\u00bb][et_pb_image src=\u00a0\u00bbhttps:\/\/www.cndp-erpent-fondamental.be\/wp-content\/uploads\/2023\/12\/Capture-decran-2023-12-05-130032.png\u00a0\u00bb title_text=\u00a0\u00bbCapture d&rsquo;\u00e9cran 2023-12-05 130032&Prime; url=\u00a0\u00bbhttps:\/\/www.cndp-erpent-fondamental.be\/wp-content\/uploads\/2023\/12\/fiche-dinscription-Petit-College-mars-23.pdf\u00a0\u00bb _builder_version=\u00a0\u00bb4.6.1&Prime; _module_preset=\u00a0\u00bbdefault\u00a0\u00bb border_radii=\u00a0\u00bbon|1px|1px|1px|1px\u00a0\u00bb border_width_all=\u00a0\u00bb1px\u00a0\u00bb [&hellip;]<\/p>\n","protected":false},"author":5,"featured_media":0,"parent":0,"menu_order":0,"comment_status":"closed","ping_status":"closed","template":"","meta":{"_et_pb_use_builder":"on","_et_pb_old_content":"","_et_gb_content_width":""},"yoast_head":"<!-- This site is optimized with the Yoast SEO plugin v15.7 - https:\/\/yoast.com\/wordpress\/plugins\/seo\/ -->\n<title>Fiches d&#039;inscription \u00e0 t\u00e9l\u00e9charger - CNDP<\/title>\n<meta name=\"robots\" content=\"noindex, follow\" \/>\n<meta property=\"og:locale\" content=\"fr_FR\" \/>\n<meta property=\"og:type\" content=\"article\" \/>\n<meta property=\"og:title\" content=\"Fiches d&#039;inscription \u00e0 t\u00e9l\u00e9charger - CNDP\" \/>\n<meta property=\"og:description\" content=\"[et_pb_section fb_built=\u00a0\u00bb1&Prime; _builder_version=\u00a0\u00bb4.6.1&Prime; _module_preset=\u00a0\u00bbdefault\u00a0\u00bb background_color=\u00a0\u00bb#ffffff\u00a0\u00bb][et_pb_row column_structure=\u00a0\u00bb1_3,1_3,1_3&Prime; _builder_version=\u00a0\u00bb4.6.1&Prime; _module_preset=\u00a0\u00bbdefault\u00a0\u00bb][et_pb_column type=\u00a0\u00bb1_3&Prime; _builder_version=\u00a0\u00bb4.6.1&Prime; _module_preset=\u00a0\u00bbdefault\u00a0\u00bb][et_pb_image src=\u00a0\u00bbhttps:\/\/www.cndp-erpent-fondamental.be\/wp-content\/uploads\/2023\/01\/fiche-dinscription-CNDP-ERPENT-MATERNELLE-new-2022-2023-1-pdf.jpg\u00a0\u00bb title_text=\u00a0\u00bbfiche d&rsquo;inscription CNDP ERPENT MATERNELLE new 2022-2023&Prime; url=\u00a0\u00bbhttps:\/\/www.cndp-erpent-fondamental.be\/wp-content\/uploads\/2023\/01\/fiche-dinscription-CNDP-ERPENT-MATERNELLE-new-2022-2023-2.pdf\u00a0\u00bb _builder_version=\u00a0\u00bb4.6.1&Prime; _module_preset=\u00a0\u00bbdefault\u00a0\u00bb border_radii=\u00a0\u00bbon|1px|1px|1px|1px\u00a0\u00bb border_width_all=\u00a0\u00bb1px\u00a0\u00bb border_color_all=\u00a0\u00bbrgba(51,51,51,0.65)\u00a0\u00bb][\/et_pb_image][\/et_pb_column][et_pb_column type=\u00a0\u00bb1_3&Prime; _builder_version=\u00a0\u00bb4.6.1&Prime; _module_preset=\u00a0\u00bbdefault\u00a0\u00bb][et_pb_image src=\u00a0\u00bbhttps:\/\/www.cndp-erpent-fondamental.be\/wp-content\/uploads\/2025\/11\/fiche-dinscription-CNDP-ERPENT-PRIMAIRE-1-pdf.jpg\u00a0\u00bb title_text=\u00a0\u00bbfiche d&rsquo;inscription CNDP ERPENT PRIMAIRE\u00a0\u00bb url=\u00a0\u00bbhttps:\/\/www.cndp-erpent-fondamental.be\/wp-content\/uploads\/2025\/11\/fiche-dinscription-CNDP-ERPENT-PRIMAIRE-3.pdf\u00a0\u00bb _builder_version=\u00a0\u00bb4.6.1&Prime; _module_preset=\u00a0\u00bbdefault\u00a0\u00bb hover_enabled=\u00a0\u00bb0&Prime; border_radii=\u00a0\u00bbon|1px|1px|1px|1px\u00a0\u00bb border_width_all=\u00a0\u00bb1px\u00a0\u00bb border_color_all=\u00a0\u00bbrgba(51,51,51,0.59)\u00a0\u00bb sticky_enabled=\u00a0\u00bb0&Prime;][\/et_pb_image][\/et_pb_column][et_pb_column type=\u00a0\u00bb1_3&Prime; _builder_version=\u00a0\u00bb4.6.1&Prime; _module_preset=\u00a0\u00bbdefault\u00a0\u00bb][et_pb_image src=\u00a0\u00bbhttps:\/\/www.cndp-erpent-fondamental.be\/wp-content\/uploads\/2023\/12\/Capture-decran-2023-12-05-130032.png\u00a0\u00bb title_text=\u00a0\u00bbCapture d&rsquo;\u00e9cran 2023-12-05 130032&Prime; url=\u00a0\u00bbhttps:\/\/www.cndp-erpent-fondamental.be\/wp-content\/uploads\/2023\/12\/fiche-dinscription-Petit-College-mars-23.pdf\u00a0\u00bb _builder_version=\u00a0\u00bb4.6.1&Prime; _module_preset=\u00a0\u00bbdefault\u00a0\u00bb border_radii=\u00a0\u00bbon|1px|1px|1px|1px\u00a0\u00bb border_width_all=\u00a0\u00bb1px\u00a0\u00bb [&hellip;]\" \/>\n<meta property=\"og:url\" content=\"https:\/\/www.cndp-erpent-fondamental.be\/index.php\/fiches-dinscription-a-telecharger\/\" \/>\n<meta property=\"og:site_name\" content=\"CNDP\" \/>\n<meta property=\"article:publisher\" content=\"https:\/\/www.facebook.com\/ErpentCNDP\" \/>\n<meta property=\"article:modified_time\" content=\"2025-11-10T12:54:36+00:00\" \/>\n<meta name=\"twitter:card\" content=\"summary_large_image\" \/>\n<script type=\"application\/ld+json\" class=\"yoast-schema-graph\">{\"@context\":\"https:\/\/schema.org\",\"@graph\":[{\"@type\":\"WebSite\",\"@id\":\"https:\/\/www.cndp-erpent-fondamental.be\/#website\",\"url\":\"https:\/\/www.cndp-erpent-fondamental.be\/\",\"name\":\"CNDP\",\"description\":\"Coll\\u00e8ge notre dame de la paix\",\"potentialAction\":[{\"@type\":\"SearchAction\",\"target\":\"https:\/\/www.cndp-erpent-fondamental.be\/?s={search_term_string}\",\"query-input\":\"required name=search_term_string\"}],\"inLanguage\":\"fr-FR\"},{\"@type\":\"WebPage\",\"@id\":\"https:\/\/www.cndp-erpent-fondamental.be\/index.php\/fiches-dinscription-a-telecharger\/#webpage\",\"url\":\"https:\/\/www.cndp-erpent-fondamental.be\/index.php\/fiches-dinscription-a-telecharger\/\",\"name\":\"Fiches d'inscription \\u00e0 t\\u00e9l\\u00e9charger - CNDP\",\"isPartOf\":{\"@id\":\"https:\/\/www.cndp-erpent-fondamental.be\/#website\"},\"datePublished\":\"2022-04-22T18:15:01+00:00\",\"dateModified\":\"2025-11-10T12:54:36+00:00\",\"inLanguage\":\"fr-FR\",\"potentialAction\":[{\"@type\":\"ReadAction\",\"target\":[\"https:\/\/www.cndp-erpent-fondamental.be\/index.php\/fiches-dinscription-a-telecharger\/\"]}]}]}<\/script>\n<!-- \/ Yoast SEO plugin. -->","_links":{"self":[{"href":"https:\/\/www.cndp-erpent-fondamental.be\/index.php\/wp-json\/wp\/v2\/pages\/2174"}],"collection":[{"href":"https:\/\/www.cndp-erpent-fondamental.be\/index.php\/wp-json\/wp\/v2\/pages"}],"about":[{"href":"https:\/\/www.cndp-erpent-fondamental.be\/index.php\/wp-json\/wp\/v2\/types\/page"}],"author":[{"embeddable":true,"href":"https:\/\/www.cndp-erpent-fondamental.be\/index.php\/wp-json\/wp\/v2\/users\/5"}],"replies":[{"embeddable":true,"href":"https:\/\/www.cndp-erpent-fondamental.be\/index.php\/wp-json\/wp\/v2\/comments?post=2174"}],"version-history":[{"count":15,"href":"https:\/\/www.cndp-erpent-fondamental.be\/index.php\/wp-json\/wp\/v2\/pages\/2174\/revisions"}],"predecessor-version":[{"id":2797,"href":"https:\/\/www.cndp-erpent-fondamental.be\/index.php\/wp-json\/wp\/v2\/pages\/2174\/revisions\/2797"}],"wp:attachment":[{"href":"https:\/\/www.cndp-erpent-fondamental.be\/index.php\/wp-json\/wp\/v2\/media?parent=2174"}],"curies":[{"name":"wp","href":"https:\/\/api.w.org\/{rel}","templated":true}]}}