{"id":194,"date":"2020-09-30T14:26:03","date_gmt":"2020-09-30T12:26:03","guid":{"rendered":"https:\/\/www.cndp-erpent-fondamental.be\/?page_id=194"},"modified":"2025-09-09T11:28:16","modified_gmt":"2025-09-09T09:28:16","slug":"cantine-2","status":"publish","type":"page","link":"https:\/\/www.cndp-erpent-fondamental.be\/index.php\/cantine-2\/","title":{"rendered":"La cantine"},"content":{"rendered":"<p>[et_pb_section fb_built=\u00a0\u00bb1&Prime; _builder_version=\u00a0\u00bb4.6.1&Prime; _module_preset=\u00a0\u00bbdefault\u00a0\u00bb background_color=\u00a0\u00bb#ffffff\u00a0\u00bb][et_pb_row column_structure=\u00a0\u00bb1_2,1_2&Prime; _builder_version=\u00a0\u00bb4.6.1&Prime; _module_preset=\u00a0\u00bbdefault\u00a0\u00bb width=\u00a0\u00bb79.4%\u00a0\u00bb custom_margin=\u00a0\u00bb|auto||348px||\u00a0\u00bb custom_padding=\u00a0\u00bb27px|||||\u00a0\u00bb][et_pb_column type=\u00a0\u00bb1_2&Prime; _builder_version=\u00a0\u00bb4.6.1&Prime; _module_preset=\u00a0\u00bbdefault\u00a0\u00bb][et_pb_text _builder_version=\u00a0\u00bb4.6.1&Prime; _module_preset=\u00a0\u00bbdefault\u00a0\u00bb background_color=\u00a0\u00bbrgba(0,0,0,0)\u00a0\u00bb width=\u00a0\u00bb100%\u00a0\u00bb inline_fonts=\u00a0\u00bbComing Soon,Acme,ABeeZee\u00a0\u00bb]<\/p>\n<h4><span style=\"font-family: ABeeZee; font-weight: normal;\"><strong><em><span style=\"color: #0c71c3;\"><u>Petite restauration et cantine<\/u><\/span><\/em><\/strong><\/span><\/h4>\n<h4><span style=\"font-weight: normal; font-family: ABeeZee;\">Habituellement, les enfants mangent en classe sous la surveillance d&rsquo;un enseignant. De la soupe <span style=\"color: #000000;\">(pr\u00e9par\u00e9e en cuisine)\u00a0 leur est propos\u00e9e.<\/span><\/span><\/h4>\n<p><span style=\"font-weight: normal; font-size: large; font-family: ABeeZee;\"><span style=\"color: #000000;\">En collaboration avec les cuisines du CPAS install\u00e9es tout pr\u00e8s de notre \u00e9cole, nous proposons des repas chauds \u00e0 la section primaire. Ceux-ci sont \u00e0 r\u00e9server le mois avant. Ils sont propos\u00e9s au prix de 5,65 euros.<\/span><\/span><\/p>\n<p><span style=\"font-weight: normal; font-size: large; font-family: ABeeZee;\"><span style=\"color: #000000;\">Les enfants prenant un repas chaud s&rsquo;installent dans la salle polyvalente de l&rsquo;\u00e9cole primaire.<\/span><\/span><\/p>\n<p><span style=\"font-weight: normal; font-family: ABeeZee;\"><span style=\"color: #000000;\"><\/span><\/span><\/p>\n<p><span style=\"font-weight: normal; font-family: ABeeZee;\"><span style=\"color: #000000;\"><\/span><\/span><\/p>\n<h4><span style=\"font-weight: normal; color: #000000; font-family: ABeeZee;\">De la petite restauration peut \u00eatre command\u00e9e via la plateforme It-school jusqu\u2019au jour-m\u00eame avant 9h.<\/span><\/h4>\n<h4><span style=\"font-weight: normal; color: #000000; font-family: ABeeZee;\">Celle-ci est d\u00e9duite de votre porte-monnaie en ligne (\u00e0 charger au moins trois jours \u00e0 l&rsquo;avance).<\/span><\/h4>\n<h4><span style=\"color: #1ca831; font-family: ABeeZee;\"><em><span style=\"font-weight: normal;\">A titre indicatif , voici les tarifs de 2024\/2025 : <br \/><\/span><\/em><\/span><\/h4>\n<h4><span style=\"font-family: ABeeZee;\"><span style=\"font-weight: normal; color: #000000;\">Dagobert\/Sandwich (3,50\u20ac &#8211; sp\u00e9cial 4\u20ac), 1\/2 sandwich (<\/span>2<span style=\"font-weight: normal; color: #000000;\">\u20ac)<\/span><\/span><\/h4>\n<h4><span style=\"font-family: ABeeZee;\"><span style=\"font-weight: normal; color: #000000;\">Wrap (3,50<\/span><\/span><span style=\"font-family: ABeeZee;\"><span style=\"font-weight: normal; color: #000000;\">\u20ac &#8211; 4,50<\/span><\/span><span style=\"font-family: ABeeZee;\"><span style=\"font-weight: normal; color: #000000;\">\u20ac)<\/span><\/span><span style=\"font-family: ABeeZee;\"><span style=\"font-weight: normal; color: #000000;\">, sandwiche mou (1,80<\/span><span style=\"font-weight: normal; color: #000000;\">\u20ac<\/span>)<span style=\"font-weight: normal; color: #000000;\">, Salade\u00a0 (4,50<\/span><\/span><span style=\"font-family: ABeeZee;\"><span style=\"font-weight: normal; color: #000000;\">\u20ac- <\/span><\/span><span style=\"font-family: ABeeZee;\"><span style=\"font-weight: normal; color: #000000;\">5\u20ac).<\/span><\/span><\/h4>\n<h4><span style=\"font-weight: normal; color: #000000; font-family: ABeeZee;\">(Les prix des produits sont soumis \u00e0 l\u2019\u00e9volution du prix des marchandises et peuvent donc \u00eatre adapt\u00e9s en cours d\u2019ann\u00e9e.)<\/span><\/h4>\n<h4><span style=\"font-weight: normal; color: #000000; font-family: ABeeZee;\">\u00a0<\/span><\/h4>\n<h4><span style=\"font-family: ABeeZee; font-weight: normal;\">\u00a0<\/span><\/h4>\n<h4><span style=\"font-family: ABeeZee; font-weight: normal;\"><strong><em><span style=\"color: #0c71c3;\"><u>Collations saines<\/u><\/span><\/em><\/strong><\/span><\/h4>\n<h4><span style=\"font-family: ABeeZee; font-weight: normal; color: #000000;\">Nous poursuivons notre projet des collations sans d\u00e9chet. Nous souhaiterions que les collations soient plac\u00e9es dans une boite nominative sans emballage jetable ainsi que de fournir une gourde marqu\u00e9e au nom de votre enfant uniquement remplie d\u2019eau.<\/span><\/h4>\n<h4><span style=\"font-family: ABeeZee; font-weight: normal; color: #000000;\">\u00a0<\/span><\/h4>\n<h4><span style=\"font-family: ABeeZee; font-weight: normal; color: #000000;\">Nous instaurons la consommation d&rsquo;un fruit ou d&rsquo;un l\u00e9gume par jour. Votre enfant devra donc se pr\u00e9senter avec un fruit ou un l\u00e9gume pour collation ou un d\u00e9riv\u00e9 de type compotine ou autre.<\/span><\/h4>\n<h4><span style=\"font-family: ABeeZee; font-weight: normal; color: #000000;\">\u00a0<\/span><\/h4>\n<h4><span style=\"font-family: ABeeZee; font-weight: normal; color: #000000;\">Dans un esprit \u00e9cologique, nous vous demandons de limiter un maximum les emballages (aluminium et plastique). Privil\u00e9giez une boite avec le nom de votre enfant.<\/span><\/h4>\n<h4><span style=\"font-family: ABeeZee; font-weight: normal; color: #000000;\"><strong><em>\u00a0<\/em><\/strong><\/span><\/h4>\n<h4><span style=\"font-family: ABeeZee; font-weight: normal; color: #000000;\"><strong><em><u>Anniversaires<\/u><\/em><\/strong><\/span><\/h4>\n<h4><span style=\"font-family: ABeeZee; font-weight: normal; color: #000000;\"><strong><em>\u00a0<\/em><\/strong><\/span><\/h4>\n<h4><span style=\"font-family: ABeeZee; font-weight: normal; color: #000000;\">Pour l\u2019anniversaire des enfants, nous acceptons des sachets individuels ainsi qu&rsquo;un g\u00e2teau. <br \/><\/span><\/h4>\n<h4><span style=\"font-family: ABeeZee; font-weight: normal;\"><strong><em>\u00a0<\/em><\/strong><\/span><\/h4>\n<p>[\/et_pb_text][\/et_pb_column][et_pb_column type=\u00a0\u00bb1_2&Prime; _builder_version=\u00a0\u00bb4.6.1&Prime; _module_preset=\u00a0\u00bbdefault\u00a0\u00bb][et_pb_image title_text=\u00a0\u00bbphoto salle polyvalente\u00a0\u00bb _builder_version=\u00a0\u00bb4.6.1&Prime; _module_preset=\u00a0\u00bbdefault\u00a0\u00bb hover_enabled=\u00a0\u00bb0&Prime; src=\u00a0\u00bbhttps:\/\/www.cndp-erpent-fondamental.be\/wp-content\/uploads\/2025\/09\/photo-salle-polyvalente-scaled.jpg\u00a0\u00bb sticky_enabled=\u00a0\u00bb0&Prime; custom_margin=\u00a0\u00bb||-66px|||\u00a0\u00bb][\/et_pb_image][\/et_pb_column][\/et_pb_row][\/et_pb_section]<\/p>\n","protected":false},"excerpt":{"rendered":"<p>[et_pb_section fb_built=\u00a0\u00bb1&Prime; _builder_version=\u00a0\u00bb4.6.1&Prime; _module_preset=\u00a0\u00bbdefault\u00a0\u00bb background_color=\u00a0\u00bb#ffffff\u00a0\u00bb][et_pb_row column_structure=\u00a0\u00bb1_2,1_2&Prime; _builder_version=\u00a0\u00bb4.6.1&Prime; _module_preset=\u00a0\u00bbdefault\u00a0\u00bb width=\u00a0\u00bb79.4%\u00a0\u00bb custom_margin=\u00a0\u00bb|auto||348px||\u00a0\u00bb custom_padding=\u00a0\u00bb27px|||||\u00a0\u00bb][et_pb_column type=\u00a0\u00bb1_2&Prime; _builder_version=\u00a0\u00bb4.6.1&Prime; _module_preset=\u00a0\u00bbdefault\u00a0\u00bb][et_pb_text _builder_version=\u00a0\u00bb4.6.1&Prime; _module_preset=\u00a0\u00bbdefault\u00a0\u00bb background_color=\u00a0\u00bbrgba(0,0,0,0)\u00a0\u00bb width=\u00a0\u00bb100%\u00a0\u00bb inline_fonts=\u00a0\u00bbComing Soon,Acme,ABeeZee\u00a0\u00bb] Petite restauration et cantine Habituellement, les enfants mangent en classe sous la surveillance d&rsquo;un enseignant. De la soupe (pr\u00e9par\u00e9e en cuisine)\u00a0 leur est propos\u00e9e. En collaboration avec les cuisines du CPAS install\u00e9es tout pr\u00e8s de [&hellip;]<\/p>\n","protected":false},"author":5,"featured_media":0,"parent":0,"menu_order":0,"comment_status":"closed","ping_status":"closed","template":"","meta":{"_et_pb_use_builder":"on","_et_pb_old_content":"<!-- wp:divi\/placeholder \/-->","_et_gb_content_width":""},"yoast_head":"<!-- This site is optimized with the Yoast SEO plugin v15.7 - https:\/\/yoast.com\/wordpress\/plugins\/seo\/ -->\n<title>La cantine - CNDP<\/title>\n<meta name=\"robots\" content=\"noindex, follow\" \/>\n<meta property=\"og:locale\" content=\"fr_FR\" \/>\n<meta property=\"og:type\" content=\"article\" \/>\n<meta property=\"og:title\" content=\"La cantine - CNDP\" \/>\n<meta property=\"og:description\" content=\"[et_pb_section fb_built=\u00a0\u00bb1&Prime; _builder_version=\u00a0\u00bb4.6.1&Prime; _module_preset=\u00a0\u00bbdefault\u00a0\u00bb background_color=\u00a0\u00bb#ffffff\u00a0\u00bb][et_pb_row column_structure=\u00a0\u00bb1_2,1_2&Prime; _builder_version=\u00a0\u00bb4.6.1&Prime; _module_preset=\u00a0\u00bbdefault\u00a0\u00bb width=\u00a0\u00bb79.4%\u00a0\u00bb custom_margin=\u00a0\u00bb|auto||348px||\u00a0\u00bb custom_padding=\u00a0\u00bb27px|||||\u00a0\u00bb][et_pb_column type=\u00a0\u00bb1_2&Prime; _builder_version=\u00a0\u00bb4.6.1&Prime; _module_preset=\u00a0\u00bbdefault\u00a0\u00bb][et_pb_text _builder_version=\u00a0\u00bb4.6.1&Prime; _module_preset=\u00a0\u00bbdefault\u00a0\u00bb background_color=\u00a0\u00bbrgba(0,0,0,0)\u00a0\u00bb width=\u00a0\u00bb100%\u00a0\u00bb inline_fonts=\u00a0\u00bbComing Soon,Acme,ABeeZee\u00a0\u00bb] Petite restauration et cantine Habituellement, les enfants mangent en classe sous la surveillance d&rsquo;un enseignant. De la soupe (pr\u00e9par\u00e9e en cuisine)\u00a0 leur est propos\u00e9e. En collaboration avec les cuisines du CPAS install\u00e9es tout pr\u00e8s de [&hellip;]\" \/>\n<meta property=\"og:url\" content=\"https:\/\/www.cndp-erpent-fondamental.be\/index.php\/cantine-2\/\" \/>\n<meta property=\"og:site_name\" content=\"CNDP\" \/>\n<meta property=\"article:publisher\" content=\"https:\/\/www.facebook.com\/ErpentCNDP\" \/>\n<meta property=\"article:modified_time\" content=\"2025-09-09T09:28:16+00:00\" \/>\n<meta name=\"twitter:card\" content=\"summary_large_image\" \/>\n<meta name=\"twitter:label1\" content=\"Dur\u00e9e de lecture est.\">\n\t<meta name=\"twitter:data1\" content=\"2 minutes\">\n<script type=\"application\/ld+json\" class=\"yoast-schema-graph\">{\"@context\":\"https:\/\/schema.org\",\"@graph\":[{\"@type\":\"WebSite\",\"@id\":\"https:\/\/www.cndp-erpent-fondamental.be\/#website\",\"url\":\"https:\/\/www.cndp-erpent-fondamental.be\/\",\"name\":\"CNDP\",\"description\":\"Coll\\u00e8ge notre dame de la paix\",\"potentialAction\":[{\"@type\":\"SearchAction\",\"target\":\"https:\/\/www.cndp-erpent-fondamental.be\/?s={search_term_string}\",\"query-input\":\"required name=search_term_string\"}],\"inLanguage\":\"fr-FR\"},{\"@type\":\"WebPage\",\"@id\":\"https:\/\/www.cndp-erpent-fondamental.be\/index.php\/cantine-2\/#webpage\",\"url\":\"https:\/\/www.cndp-erpent-fondamental.be\/index.php\/cantine-2\/\",\"name\":\"La cantine - CNDP\",\"isPartOf\":{\"@id\":\"https:\/\/www.cndp-erpent-fondamental.be\/#website\"},\"datePublished\":\"2020-09-30T12:26:03+00:00\",\"dateModified\":\"2025-09-09T09:28:16+00:00\",\"inLanguage\":\"fr-FR\",\"potentialAction\":[{\"@type\":\"ReadAction\",\"target\":[\"https:\/\/www.cndp-erpent-fondamental.be\/index.php\/cantine-2\/\"]}]}]}<\/script>\n<!-- \/ Yoast SEO plugin. -->","_links":{"self":[{"href":"https:\/\/www.cndp-erpent-fondamental.be\/index.php\/wp-json\/wp\/v2\/pages\/194"}],"collection":[{"href":"https:\/\/www.cndp-erpent-fondamental.be\/index.php\/wp-json\/wp\/v2\/pages"}],"about":[{"href":"https:\/\/www.cndp-erpent-fondamental.be\/index.php\/wp-json\/wp\/v2\/types\/page"}],"author":[{"embeddable":true,"href":"https:\/\/www.cndp-erpent-fondamental.be\/index.php\/wp-json\/wp\/v2\/users\/5"}],"replies":[{"embeddable":true,"href":"https:\/\/www.cndp-erpent-fondamental.be\/index.php\/wp-json\/wp\/v2\/comments?post=194"}],"version-history":[{"count":25,"href":"https:\/\/www.cndp-erpent-fondamental.be\/index.php\/wp-json\/wp\/v2\/pages\/194\/revisions"}],"predecessor-version":[{"id":2783,"href":"https:\/\/www.cndp-erpent-fondamental.be\/index.php\/wp-json\/wp\/v2\/pages\/194\/revisions\/2783"}],"wp:attachment":[{"href":"https:\/\/www.cndp-erpent-fondamental.be\/index.php\/wp-json\/wp\/v2\/media?parent=194"}],"curies":[{"name":"wp","href":"https:\/\/api.w.org\/{rel}","templated":true}]}}