{"id":176,"date":"2020-09-30T14:19:26","date_gmt":"2020-09-30T12:19:26","guid":{"rendered":"https:\/\/www.cndp-erpent-fondamental.be\/?page_id=176"},"modified":"2023-01-17T14:48:41","modified_gmt":"2023-01-17T13:48:41","slug":"cantine","status":"publish","type":"page","link":"https:\/\/www.cndp-erpent-fondamental.be\/index.php\/cantine\/","title":{"rendered":"La cantine"},"content":{"rendered":"<p>[et_pb_section fb_built=\u00a0\u00bb1&Prime; _builder_version=\u00a0\u00bb4.6.1&Prime; _module_preset=\u00a0\u00bbdefault\u00a0\u00bb background_color=\u00a0\u00bb#ffffff\u00a0\u00bb background_enable_image=\u00a0\u00bboff\u00a0\u00bb background_blend=\u00a0\u00bboverlay\u00a0\u00bb][et_pb_row _builder_version=\u00a0\u00bb4.6.1&Prime; _module_preset=\u00a0\u00bbdefault\u00a0\u00bb background_color=\u00a0\u00bbrgba(0,0,0,0)\u00a0\u00bb width=\u00a0\u00bb79.8%\u00a0\u00bb][et_pb_column type=\u00a0\u00bb4_4&Prime; _builder_version=\u00a0\u00bb4.6.1&Prime; _module_preset=\u00a0\u00bbdefault\u00a0\u00bb][et_pb_text _builder_version=\u00a0\u00bb4.6.1&Prime; _module_preset=\u00a0\u00bbdefault\u00a0\u00bb inline_fonts=\u00a0\u00bbAcme,ABeeZee\u00a0\u00bb]<\/p>\n<h3><span style=\"font-family: ABeeZee; font-weight: normal; color: #0c71c3;\"><strong><u>Cantine<\/u><\/strong><\/span><\/h3>\n<h4><span style=\"font-family: ABeeZee; font-weight: normal;\">Habituellement, les enfants mangent en classe car il s\u2019agit \u00e9galement d\u2019un apprentissage au m\u00eame titre que les autres. De la soupe (pr\u00e9par\u00e9e en cuisine) et de l\u2019eau leur sont propos\u00e9s.<\/span><\/h4>\n<h4><span style=\"font-family: ABeeZee; font-weight: normal;\">De la petite restauration peut \u00eatre command\u00e9e via la plateforme It-school jusqu\u2019au jour-m\u00eame avant 9h. Celle-ci est d\u00e9duite de votre porte-monnaie en ligne (\u00e0 charger au moins trois jours \u00e0 l&rsquo;avance).<\/span><\/h4>\n<h4><span style=\"text-decoration: underline; font-family: ABeeZee; font-weight: normal;\"><em><\/em><\/span><\/h4>\n<h4><span style=\"text-decoration: underline; font-family: ABeeZee; font-weight: normal;\"><em><\/em><\/span><\/h4>\n<h4><span style=\"text-decoration: underline; font-family: ABeeZee; font-weight: normal;\"><em>A titre indicatif\u00a0: tarif de 2022\/2023<\/em><\/span><\/h4>\n<h4><span style=\"font-family: ABeeZee; font-weight: normal;\"><em>Sandwich\u00a0 1\/2 : 2\u20ac\u00a0 (baguette)\u00a0<span style=\"font-size: 14px;\">(Les prix des produits sont soumis \u00e0 l\u2019\u00e9volution du prix des marchandises et peuvent donc \u00eatre adapt\u00e9s en cours d\u2019ann\u00e9e.)<\/span><\/em><\/span><\/h4>\n<h4><span style=\"font-family: ABeeZee;\"><span style=\"font-weight: normal;\">\u00a0<\/span><strong style=\"font-size: 18px;\">\u00a0<\/strong><\/span><\/h4>\n<h3><span style=\"font-family: ABeeZee; font-weight: normal; color: #0c71c3;\"><strong><u>Collations saines<\/u><\/strong><\/span><\/h3>\n<h4><span style=\"font-family: ABeeZee; font-weight: normal;\">Notre \u00e9cole portant des valeurs de partage, l\u2019ann\u00e9e derni\u00e8re, nous avions fonctionn\u00e9 avec un syst\u00e8me de collations saines amen\u00e9es par les parents \u00e0 tour de r\u00f4le. Avec le Covid, ce syst\u00e8me ne fonctionne pas actuellement. Nous esp\u00e9rons y revenir dans quelques mois.<\/span><\/h4>\n<h4><span style=\"font-family: ABeeZee; font-weight: normal;\">Pour l\u2019instant, voici la r\u00e9partition des collations sur la semaine\u00a0:<\/span><\/h4>\n<ul>\n<li>\n<h5><span style=\"font-family: ABeeZee;\"><em><span style=\"font-weight: normal;\">Lundi\u00a0: fruits (en salade, en morceaux, en compote\u2026)<\/span><\/em><\/span><\/h5>\n<\/li>\n<li>\n<h5><span style=\"font-family: ABeeZee;\"><em><span style=\"font-weight: normal;\">Mardi\u00a0: l\u00e9gumes (coup\u00e9s en b\u00e2tonnets, en soupe\u2026)<\/span><\/em><\/span><\/h5>\n<\/li>\n<li>\n<h5><span style=\"font-family: ABeeZee;\"><em><span style=\"font-weight: normal;\">Mercredi\u00a0: produits laitiers<\/span><\/em><\/span><\/h5>\n<\/li>\n<li>\n<h5><span style=\"font-family: ABeeZee;\"><em><span style=\"font-weight: normal;\">Jeudi\u00a0: pain<\/span><\/em><\/span><\/h5>\n<\/li>\n<li>\n<h5><span style=\"font-family: ABeeZee;\"><em><span style=\"font-weight: normal;\">Vendredi\u00a0: fruits ou l\u00e9gumes (Presque chaque vendredi, votre enfant re\u00e7oit gratuitement un fruit)<\/span><\/em><\/span><\/h5>\n<\/li>\n<\/ul>\n<h4><span style=\"font-family: ABeeZee; font-weight: normal;\">\u00a0<\/span><\/h4>\n<h4><span style=\"font-family: Acme; font-weight: normal;\"><\/span><\/h4>\n<p>[\/et_pb_text][\/et_pb_column][\/et_pb_row][\/et_pb_section]<\/p>\n","protected":false},"excerpt":{"rendered":"<p>[et_pb_section fb_built=\u00a0\u00bb1&Prime; _builder_version=\u00a0\u00bb4.6.1&Prime; _module_preset=\u00a0\u00bbdefault\u00a0\u00bb background_color=\u00a0\u00bb#ffffff\u00a0\u00bb background_enable_image=\u00a0\u00bboff\u00a0\u00bb background_blend=\u00a0\u00bboverlay\u00a0\u00bb][et_pb_row _builder_version=\u00a0\u00bb4.6.1&Prime; _module_preset=\u00a0\u00bbdefault\u00a0\u00bb background_color=\u00a0\u00bbrgba(0,0,0,0)\u00a0\u00bb width=\u00a0\u00bb79.8%\u00a0\u00bb][et_pb_column type=\u00a0\u00bb4_4&Prime; _builder_version=\u00a0\u00bb4.6.1&Prime; _module_preset=\u00a0\u00bbdefault\u00a0\u00bb][et_pb_text _builder_version=\u00a0\u00bb4.6.1&Prime; _module_preset=\u00a0\u00bbdefault\u00a0\u00bb inline_fonts=\u00a0\u00bbAcme,ABeeZee\u00a0\u00bb] Cantine Habituellement, les enfants mangent en classe car il s\u2019agit \u00e9galement d\u2019un apprentissage au m\u00eame titre que les autres. De la soupe (pr\u00e9par\u00e9e en cuisine) et de l\u2019eau leur sont propos\u00e9s. De la petite restauration peut \u00eatre command\u00e9e [&hellip;]<\/p>\n","protected":false},"author":5,"featured_media":0,"parent":0,"menu_order":0,"comment_status":"closed","ping_status":"closed","template":"","meta":{"_et_pb_use_builder":"on","_et_pb_old_content":"<!-- wp:divi\/placeholder \/-->","_et_gb_content_width":""},"yoast_head":"<!-- This site is optimized with the Yoast SEO plugin v15.7 - https:\/\/yoast.com\/wordpress\/plugins\/seo\/ -->\n<title>La cantine - CNDP<\/title>\n<meta name=\"robots\" content=\"noindex, follow\" \/>\n<meta property=\"og:locale\" content=\"fr_FR\" \/>\n<meta property=\"og:type\" content=\"article\" \/>\n<meta property=\"og:title\" content=\"La cantine - CNDP\" \/>\n<meta property=\"og:description\" content=\"[et_pb_section fb_built=\u00a0\u00bb1&Prime; _builder_version=\u00a0\u00bb4.6.1&Prime; _module_preset=\u00a0\u00bbdefault\u00a0\u00bb background_color=\u00a0\u00bb#ffffff\u00a0\u00bb background_enable_image=\u00a0\u00bboff\u00a0\u00bb background_blend=\u00a0\u00bboverlay\u00a0\u00bb][et_pb_row _builder_version=\u00a0\u00bb4.6.1&Prime; _module_preset=\u00a0\u00bbdefault\u00a0\u00bb background_color=\u00a0\u00bbrgba(0,0,0,0)\u00a0\u00bb width=\u00a0\u00bb79.8%\u00a0\u00bb][et_pb_column type=\u00a0\u00bb4_4&Prime; _builder_version=\u00a0\u00bb4.6.1&Prime; _module_preset=\u00a0\u00bbdefault\u00a0\u00bb][et_pb_text _builder_version=\u00a0\u00bb4.6.1&Prime; _module_preset=\u00a0\u00bbdefault\u00a0\u00bb inline_fonts=\u00a0\u00bbAcme,ABeeZee\u00a0\u00bb] Cantine Habituellement, les enfants mangent en classe car il s\u2019agit \u00e9galement d\u2019un apprentissage au m\u00eame titre que les autres. De la soupe (pr\u00e9par\u00e9e en cuisine) et de l\u2019eau leur sont propos\u00e9s. De la petite restauration peut \u00eatre command\u00e9e [&hellip;]\" \/>\n<meta property=\"og:url\" content=\"https:\/\/www.cndp-erpent-fondamental.be\/index.php\/cantine\/\" \/>\n<meta property=\"og:site_name\" content=\"CNDP\" \/>\n<meta property=\"article:publisher\" content=\"https:\/\/www.facebook.com\/ErpentCNDP\" \/>\n<meta property=\"article:modified_time\" content=\"2023-01-17T13:48:41+00:00\" \/>\n<meta name=\"twitter:card\" content=\"summary_large_image\" \/>\n<meta name=\"twitter:label1\" content=\"Dur\u00e9e de lecture est.\">\n\t<meta name=\"twitter:data1\" content=\"1 minute\">\n<script type=\"application\/ld+json\" class=\"yoast-schema-graph\">{\"@context\":\"https:\/\/schema.org\",\"@graph\":[{\"@type\":\"WebSite\",\"@id\":\"https:\/\/www.cndp-erpent-fondamental.be\/#website\",\"url\":\"https:\/\/www.cndp-erpent-fondamental.be\/\",\"name\":\"CNDP\",\"description\":\"Coll\\u00e8ge notre dame de la paix\",\"potentialAction\":[{\"@type\":\"SearchAction\",\"target\":\"https:\/\/www.cndp-erpent-fondamental.be\/?s={search_term_string}\",\"query-input\":\"required name=search_term_string\"}],\"inLanguage\":\"fr-FR\"},{\"@type\":\"WebPage\",\"@id\":\"https:\/\/www.cndp-erpent-fondamental.be\/index.php\/cantine\/#webpage\",\"url\":\"https:\/\/www.cndp-erpent-fondamental.be\/index.php\/cantine\/\",\"name\":\"La cantine - CNDP\",\"isPartOf\":{\"@id\":\"https:\/\/www.cndp-erpent-fondamental.be\/#website\"},\"datePublished\":\"2020-09-30T12:19:26+00:00\",\"dateModified\":\"2023-01-17T13:48:41+00:00\",\"inLanguage\":\"fr-FR\",\"potentialAction\":[{\"@type\":\"ReadAction\",\"target\":[\"https:\/\/www.cndp-erpent-fondamental.be\/index.php\/cantine\/\"]}]}]}<\/script>\n<!-- \/ Yoast SEO plugin. -->","_links":{"self":[{"href":"https:\/\/www.cndp-erpent-fondamental.be\/index.php\/wp-json\/wp\/v2\/pages\/176"}],"collection":[{"href":"https:\/\/www.cndp-erpent-fondamental.be\/index.php\/wp-json\/wp\/v2\/pages"}],"about":[{"href":"https:\/\/www.cndp-erpent-fondamental.be\/index.php\/wp-json\/wp\/v2\/types\/page"}],"author":[{"embeddable":true,"href":"https:\/\/www.cndp-erpent-fondamental.be\/index.php\/wp-json\/wp\/v2\/users\/5"}],"replies":[{"embeddable":true,"href":"https:\/\/www.cndp-erpent-fondamental.be\/index.php\/wp-json\/wp\/v2\/comments?post=176"}],"version-history":[{"count":15,"href":"https:\/\/www.cndp-erpent-fondamental.be\/index.php\/wp-json\/wp\/v2\/pages\/176\/revisions"}],"predecessor-version":[{"id":2286,"href":"https:\/\/www.cndp-erpent-fondamental.be\/index.php\/wp-json\/wp\/v2\/pages\/176\/revisions\/2286"}],"wp:attachment":[{"href":"https:\/\/www.cndp-erpent-fondamental.be\/index.php\/wp-json\/wp\/v2\/media?parent=176"}],"curies":[{"name":"wp","href":"https:\/\/api.w.org\/{rel}","templated":true}]}}