{"id":165,"date":"2020-09-30T14:15:06","date_gmt":"2020-09-30T12:15:06","guid":{"rendered":"https:\/\/www.cndp-erpent-fondamental.be\/?page_id=165"},"modified":"2023-10-24T11:49:05","modified_gmt":"2023-10-24T09:49:05","slug":"histoire-du-college","status":"publish","type":"page","link":"https:\/\/www.cndp-erpent-fondamental.be\/index.php\/histoire-du-college\/","title":{"rendered":"Histoire du coll\u00e8ge"},"content":{"rendered":"<p>[et_pb_section fb_built=\u00a0\u00bb1&Prime; _builder_version=\u00a0\u00bb4.6.1&Prime; _module_preset=\u00a0\u00bbdefault\u00a0\u00bb background_color=\u00a0\u00bb#ffffff\u00a0\u00bb background_enable_image=\u00a0\u00bboff\u00a0\u00bb][et_pb_row column_structure=\u00a0\u00bb1_2,1_2&Prime; _builder_version=\u00a0\u00bb4.6.1&Prime; _module_preset=\u00a0\u00bbdefault\u00a0\u00bb][et_pb_column type=\u00a0\u00bb1_2&Prime; _builder_version=\u00a0\u00bb4.6.1&Prime; _module_preset=\u00a0\u00bbdefault\u00a0\u00bb][et_pb_image src=\u00a0\u00bbhttps:\/\/www.cndp-erpent-fondamental.be\/wp-content\/uploads\/2020\/12\/a.jpg\u00a0\u00bb title_text=\u00a0\u00bba\u00a0\u00bb _builder_version=\u00a0\u00bb4.6.1&Prime; _module_preset=\u00a0\u00bbdefault\u00a0\u00bb][\/et_pb_image][\/et_pb_column][et_pb_column type=\u00a0\u00bb1_2&Prime; _builder_version=\u00a0\u00bb4.6.1&Prime; _module_preset=\u00a0\u00bbdefault\u00a0\u00bb][et_pb_text _builder_version=\u00a0\u00bb4.6.1&Prime; _module_preset=\u00a0\u00bbdefault\u00a0\u00bb inline_fonts=\u00a0\u00bbAcme\u00a0\u00bb]<\/p>\n<h3 jscontroller=\"Ae65rd\" jsaction=\"touchstart:UrsOsc; click:KjsqPd; focusout:QZoaZ; mouseover:y0pDld; mouseout:dq0hvd;fv1Rjc:jbFSOd;CrfLRd:SzACGe;\" class=\"CjVfdc\" style=\"text-align: justify;\"><span style=\"font-family: inherit; color: #000000; font-weight: normal;\">LE COLL\u00c8GE NOTRE-DAME DE LA PAIX<\/span><\/h3>\n<div class=\"PPhIP rviiZ\" jsname=\"haAclf\" style=\"text-align: justify;\">\n<div role=\"presentation\" class=\"U26fgb mUbCce fKz7Od LRAOtb rm120e\" jscontroller=\"mxS5xe\" jsaction=\"click:cOuCgd; mousedown:UX7yZ; mouseup:lbsD7e; mouseenter:tfO1Yc; mouseleave:JywGue; focus:AHmuwe; blur:O22p3e; contextmenu:mg9Pef;\" jsshadow=\"\" aria-describedby=\"h.p_Yeu2JINvCkaL\" aria-label=\"Copier le lien du titre\" aria-disabled=\"false\" data-tooltip=\"Copier le lien du titre\" aria-hidden=\"true\" data-tooltip-position=\"top\" data-tooltip-vertical-offset=\"12\" data-tooltip-horizontal-offset=\"0\">\n<div class=\"VTBa7b MbhUzd\" jsname=\"ksKsZd\"><\/div>\n<\/div>\n<\/div>\n<p style=\"text-align: justify;\"><span style=\"font-family: Acme; color: #000000;\">\u00a0<\/span><\/p>\n<h4 style=\"text-align: justify;\"><span style=\"font-family: Acme; color: #000000;\">\u00a0<\/span><\/h4>\n<p><span style=\"font-size: medium; font-family: inherit; font-weight: normal;\"><em><span style=\"color: #000000;\">Une histoire commenc\u00e9e en 1610 \u2026<\/span><\/em><\/span><\/p>\n<p><span style=\"font-family: inherit; font-size: medium; color: #000000; font-weight: normal;\">Pr\u00e8s de quatre si\u00e8cles de pr\u00e9sence de la Compagnie de J\u00e9sus \u00e0 Namur \u2026 C\u2019est en 1601, en effet, que l\u2019on commen\u00e7a \u00e0 parler d\u2019un coll\u00e8ge de J\u00e9suites \u00e0 Namur. Albert et Isabelle r\u00e9gnant, Mgr Buisseret, cinqui\u00e8me \u00e9v\u00eaque du dioc\u00e8se, peuple la ville de communaut\u00e9s religieuses. A tel point que les \u00e9diles, en 1689, interdiront l\u2019installation des Capucines de Mons, estimant que la mesure est comble.<\/span><\/p>\n<p><span style=\"font-family: inherit; font-size: medium; color: #000000; font-weight: normal;\">Finalement pr\u00e9f\u00e9r\u00e9s aux Augustins qui auraient aussi voulu ouvrir une \u00e9cole, les J\u00e9suites commencent \u00e0 enseigner en 1610. Cinq ans plus tard, on compte 500 \u00e9l\u00e8ves.<\/span><\/p>\n<p>[\/et_pb_text][\/et_pb_column][\/et_pb_row][et_pb_row _builder_version=\u00a0\u00bb4.6.1&Prime; _module_preset=\u00a0\u00bbdefault\u00a0\u00bb][et_pb_column type=\u00a0\u00bb4_4&Prime; _builder_version=\u00a0\u00bb4.6.1&Prime; _module_preset=\u00a0\u00bbdefault\u00a0\u00bb][et_pb_text _builder_version=\u00a0\u00bb4.6.1&Prime; _module_preset=\u00a0\u00bbdefault\u00a0\u00bb inline_fonts=\u00a0\u00bbAcme\u00a0\u00bb]<\/p>\n<h2 id=\"h.p_8LDjPsDtNW4C\" class=\"CDt4Ke zfr3Q\" style=\"text-align: justify;\"><span style=\"font-weight: normal; font-family: inherit; font-size: medium; color: #000000;\">On a d\u00e9j\u00e0 commenc\u00e9, alors, \u00e0 construire les b\u00e2timents qui forment \u00e0 pr\u00e9sent l\u2019Ath\u00e9n\u00e9e Royal. L\u2019\u00e9glise, consacr\u00e9e en 1645 et d\u00e9di\u00e9e \u00e0 Saint Ignace, deviendra celle de la paroisse Saint Loup en 1777. Plusieurs fr\u00e8res coadjuteurs de la Compagnie de J\u00e9sus ont b\u00e2ti ce merveilleux monument de l\u2019art baroque.<\/span><\/h2>\n<h2 id=\"h.p_Ystelk4ENYCH\" class=\"CDt4Ke zfr3Q\" style=\"text-align: justify;\"><span style=\"font-weight: normal; font-family: inherit; font-size: medium; color: #000000;\">Mais revenons au Coll\u00e8ge de ce temps, o\u00f9 les \u00e9l\u00e8ves parlent latin pendant les r\u00e9cr\u00e9ations et doivent d\u00e9poser leur \u00e9p\u00e9e au vestiaire. L\u2019ath\u00e9n\u00e9e communal de Namur y ouvre ses portes en 1817 et deviendra royal en 1850.<\/span><\/h2>\n<h2 id=\"h.p_aUzjFvqKNYCJ\" class=\"CDt4Ke zfr3Q\" style=\"text-align: justify;\"><span style=\"font-weight: normal; font-family: inherit; font-size: medium; color: #000000;\">La Compagnie de J\u00e9sus supprim\u00e9e en 1773, l\u2019\u00e9cole connait des fortunes diverses sous les r\u00e9gimes autrichiens et fran\u00e7ais. L\u2019ath\u00e9n\u00e9e communal de Namur y ouvre ses portes en 1817 et deviendra royal en 1850.<\/span><\/h2>\n<h2 id=\"h.p_2MPDz4UGNYCM\" class=\"CDt4Ke zfr3Q\" style=\"text-align: justify;\"><span style=\"font-weight: normal; font-family: inherit; font-size: medium; color: #000000;\">Pie VII, en 1814, r\u00e9tablit la Compagnie. Mais celle-ci n\u2019a pas la faveur des Hollandais. C\u2019est pourquoi quatre J\u00e9suites vont vivre clandestinement \u00e0 Namur de 1827 \u00e0 1830. La Belgique ind\u00e9pendante ayant d\u00e9cid\u00e9 la libert\u00e9 d\u2019enseignement, le Coll\u00e8ge Notre Dame de la Paix s\u2019installe en 1831, dans les anciens b\u00e2timents d\u2019une abbaye b\u00e9n\u00e9dictine fond\u00e9e au d\u00e9but du 17\u00e8me si\u00e8cle. A partir de 1838, les externes sont admis. (D\u00e8s 1831, les classes d\u2019enseignement primaire et moyen sont compl\u00e9t\u00e9es par quelques cours d\u2019enseignement sup\u00e9rieur, philosophie et sciences \u2026 d\u00e9buts des facult\u00e9s Notre Dame de la Paix). En 1843, le roi L\u00e9opold Ier et la reine Louise-Marie rendent visite au Coll\u00e8ge.<\/span><\/h2>\n<h2 id=\"h.p_gWutwGKZNYCR\" class=\"CDt4Ke zfr3Q\" style=\"text-align: justify;\"><span style=\"font-weight: normal; font-family: inherit; font-size: medium; color: #000000;\">En 1907, le banquet du 75\u00e8me anniversaire est pr\u00e9sid\u00e9 par un illustre ancien \u00e9l\u00e8ve, M. Schollaert, un homme politique qui sera pr\u00e9sident de la Chambre des repr\u00e9sentants et Premier Ministre. Un professeur, M. Daiche, se voit remettre la croix civique de 1\u00e8re classe.<\/span><\/h2>\n<h2 id=\"h.p_AlYqph0RNYCU\" class=\"CDt4Ke zfr3Q\" style=\"text-align: justify;\"><span style=\"font-weight: normal; font-family: inherit; font-size: medium; color: #000000;\">C\u2019est le grand-p\u00e8re du P\u00e8re Jacques Daiche qui fut, de 1956 \u00e0 1982, pr\u00e9fet du Coll\u00e8ge.<\/span><\/h2>\n<h2 id=\"h.p_mpRNLwE0NYCX\" class=\"CDt4Ke zfr3Q\" style=\"text-align: justify;\"><span style=\"font-weight: normal; font-family: inherit; font-size: medium; color: #000000;\">En 1923, des enfants russes, chass\u00e9s de leur pays par les Soviets, arrivent \u00e0 Namur. Ils suivront les cours du Coll\u00e8ge et logeront \u00e0 l\u2019internat Saint-Georges, dans l\u2019art\u00e8re qui deviendra, plus tard, l\u2019avenue reine Astrid. Les internes quittent Namur en 1927 pour aller \u00e0 Godinne o\u00f9 on a construit un nouveau coll\u00e8ge. N\u00e9anmoins, la progression continue. En 1965, avec huit cents \u00e9l\u00e8ves, la congestion menace. L\u2019universit\u00e9 cherche elle aussi \u00e0 s\u2019agrandir. Recteur du Coll\u00e8ge Notre Dame de la Paix et des facult\u00e9s, le P\u00e8re E. Bon\u00e9 envisage de d\u00e9m\u00e9nager hors les murs. On pense \u00e0 Am\u00e9e, au Val-Saint-Georges, \u00e0 Bouge. Finalement, le choix se porte sur le vaste plateau d\u2019Erpent. Dans le m\u00eame temps, le P\u00e8re Guy de Marneffe est charg\u00e9 de repenser la p\u00e9dagogie. C\u2019est en 1968 que le transfert et la mixit\u00e9 sont approuv\u00e9s par Mgr Charue et par le provincial des J\u00e9suites.<\/span><\/h2>\n<p>[\/et_pb_text][\/et_pb_column][\/et_pb_row][et_pb_row _builder_version=\u00a0\u00bb4.6.1&Prime; _module_preset=\u00a0\u00bbdefault\u00a0\u00bb][et_pb_column type=\u00a0\u00bb4_4&Prime; _builder_version=\u00a0\u00bb4.6.1&Prime; _module_preset=\u00a0\u00bbdefault\u00a0\u00bb][et_pb_image src=\u00a0\u00bbhttps:\/\/www.cndp-erpent-fondamental.be\/wp-content\/uploads\/2020\/12\/Image1.jpg\u00a0\u00bb title_text=\u00a0\u00bbImage1&Prime; _builder_version=\u00a0\u00bb4.6.1&Prime; _module_preset=\u00a0\u00bbdefault\u00a0\u00bb][\/et_pb_image][\/et_pb_column][\/et_pb_row][et_pb_row column_structure=\u00a0\u00bb1_2,1_2&Prime; _builder_version=\u00a0\u00bb4.6.1&Prime; _module_preset=\u00a0\u00bbdefault\u00a0\u00bb][et_pb_column type=\u00a0\u00bb1_2&Prime; _builder_version=\u00a0\u00bb4.6.1&Prime; _module_preset=\u00a0\u00bbdefault\u00a0\u00bb][et_pb_text _builder_version=\u00a0\u00bb4.6.1&Prime; _module_preset=\u00a0\u00bbdefault\u00a0\u00bb]<\/p>\n<p><span style=\"font-weight: normal; font-size: medium; color: #000000;\">Sur le plateau d\u2019Erpent, le nouveau coll\u00e8ge s\u2019\u00e9l\u00e8ve d\u2019ann\u00e9e en ann\u00e9e. Les six hectares de son domaine appartenaient autrefois, \u00e0 l\u2019abbaye de G\u00e9ronsart. En 1610, il avait \u00e9t\u00e9 question d\u2019en faire don aux J\u00e9suites. Curieux d\u00e9tour de l\u2019histoire. La premi\u00e8re rentr\u00e9e hors Namur a lieu en 1971. Aujourd\u2019hui, les directeurs la\u00efcs se succ\u00e8dent avec Messieurs Jacques Sibille, Guy Carpiaux, Stephan de Brabant et Madame Coulonval en secondaire. Pour le primaire et le fondamental, se suivent Messieurs Deleuze, Sacr\u00e9, Fabry et Mesdames Sertyn et Mazy. Depuis 2019, l&rsquo;\u00e9cole maternelle a fait son apparition.<\/span><\/p>\n<p><span style=\"font-weight: normal; font-size: medium; color: #000000;\"><\/span><\/p>\n<p><span style=\"font-weight: normal; font-size: medium; color: #000000;\"><\/span><\/p>\n<p><span style=\"font-weight: normal; font-size: medium; color: #000000;\">Source : J. Hanno s.j.,\u00a0<em>le Coll\u00e8ge Notre -Dame de la Paix \u00e0 Namur et \u00e0 Erpent<\/em>.<\/span><\/p>\n<p>[\/et_pb_text][\/et_pb_column][et_pb_column type=\u00a0\u00bb1_2&Prime; _builder_version=\u00a0\u00bb4.6.1&Prime; _module_preset=\u00a0\u00bbdefault\u00a0\u00bb][et_pb_image src=\u00a0\u00bbhttps:\/\/www.cndp-erpent-fondamental.be\/wp-content\/uploads\/2020\/12\/PHOTO-2020-06-13-20-34-44.jpg\u00a0\u00bb title_text=\u00a0\u00bbPHOTO-2020-06-13-20-34-44&Prime; _builder_version=\u00a0\u00bb4.6.1&Prime; _module_preset=\u00a0\u00bbdefault\u00a0\u00bb][\/et_pb_image][\/et_pb_column][\/et_pb_row][\/et_pb_section]<\/p>\n","protected":false},"excerpt":{"rendered":"<p>[et_pb_section fb_built=\u00a0\u00bb1&Prime; _builder_version=\u00a0\u00bb4.6.1&Prime; _module_preset=\u00a0\u00bbdefault\u00a0\u00bb background_color=\u00a0\u00bb#ffffff\u00a0\u00bb background_enable_image=\u00a0\u00bboff\u00a0\u00bb][et_pb_row column_structure=\u00a0\u00bb1_2,1_2&Prime; _builder_version=\u00a0\u00bb4.6.1&Prime; _module_preset=\u00a0\u00bbdefault\u00a0\u00bb][et_pb_column type=\u00a0\u00bb1_2&Prime; _builder_version=\u00a0\u00bb4.6.1&Prime; _module_preset=\u00a0\u00bbdefault\u00a0\u00bb][et_pb_image src=\u00a0\u00bbhttps:\/\/www.cndp-erpent-fondamental.be\/wp-content\/uploads\/2020\/12\/a.jpg\u00a0\u00bb title_text=\u00a0\u00bba\u00a0\u00bb _builder_version=\u00a0\u00bb4.6.1&Prime; _module_preset=\u00a0\u00bbdefault\u00a0\u00bb][\/et_pb_image][\/et_pb_column][et_pb_column type=\u00a0\u00bb1_2&Prime; _builder_version=\u00a0\u00bb4.6.1&Prime; _module_preset=\u00a0\u00bbdefault\u00a0\u00bb][et_pb_text _builder_version=\u00a0\u00bb4.6.1&Prime; _module_preset=\u00a0\u00bbdefault\u00a0\u00bb inline_fonts=\u00a0\u00bbAcme\u00a0\u00bb] LE COLL\u00c8GE NOTRE-DAME DE LA PAIX \u00a0 \u00a0 Une histoire commenc\u00e9e en 1610 \u2026 Pr\u00e8s de quatre si\u00e8cles de pr\u00e9sence de la Compagnie de J\u00e9sus \u00e0 Namur \u2026 C\u2019est en 1601, en effet, [&hellip;]<\/p>\n","protected":false},"author":2,"featured_media":0,"parent":0,"menu_order":0,"comment_status":"closed","ping_status":"closed","template":"","meta":{"_et_pb_use_builder":"on","_et_pb_old_content":"<!-- wp:divi\/placeholder \/-->","_et_gb_content_width":""},"yoast_head":"<!-- This site is optimized with the Yoast SEO plugin v15.7 - https:\/\/yoast.com\/wordpress\/plugins\/seo\/ -->\n<title>Histoire du coll\u00e8ge - CNDP<\/title>\n<meta name=\"robots\" content=\"noindex, follow\" \/>\n<meta property=\"og:locale\" content=\"fr_FR\" \/>\n<meta property=\"og:type\" content=\"article\" \/>\n<meta property=\"og:title\" content=\"Histoire du coll\u00e8ge - CNDP\" \/>\n<meta property=\"og:description\" content=\"[et_pb_section fb_built=\u00a0\u00bb1&Prime; _builder_version=\u00a0\u00bb4.6.1&Prime; _module_preset=\u00a0\u00bbdefault\u00a0\u00bb background_color=\u00a0\u00bb#ffffff\u00a0\u00bb background_enable_image=\u00a0\u00bboff\u00a0\u00bb][et_pb_row column_structure=\u00a0\u00bb1_2,1_2&Prime; _builder_version=\u00a0\u00bb4.6.1&Prime; _module_preset=\u00a0\u00bbdefault\u00a0\u00bb][et_pb_column type=\u00a0\u00bb1_2&Prime; _builder_version=\u00a0\u00bb4.6.1&Prime; _module_preset=\u00a0\u00bbdefault\u00a0\u00bb][et_pb_image src=\u00a0\u00bbhttps:\/\/www.cndp-erpent-fondamental.be\/wp-content\/uploads\/2020\/12\/a.jpg\u00a0\u00bb title_text=\u00a0\u00bba\u00a0\u00bb _builder_version=\u00a0\u00bb4.6.1&Prime; _module_preset=\u00a0\u00bbdefault\u00a0\u00bb][\/et_pb_image][\/et_pb_column][et_pb_column type=\u00a0\u00bb1_2&Prime; _builder_version=\u00a0\u00bb4.6.1&Prime; _module_preset=\u00a0\u00bbdefault\u00a0\u00bb][et_pb_text _builder_version=\u00a0\u00bb4.6.1&Prime; _module_preset=\u00a0\u00bbdefault\u00a0\u00bb inline_fonts=\u00a0\u00bbAcme\u00a0\u00bb] LE COLL\u00c8GE NOTRE-DAME DE LA PAIX \u00a0 \u00a0 Une histoire commenc\u00e9e en 1610 \u2026 Pr\u00e8s de quatre si\u00e8cles de pr\u00e9sence de la Compagnie de J\u00e9sus \u00e0 Namur \u2026 C\u2019est en 1601, en effet, [&hellip;]\" \/>\n<meta property=\"og:url\" content=\"https:\/\/www.cndp-erpent-fondamental.be\/index.php\/histoire-du-college\/\" \/>\n<meta property=\"og:site_name\" content=\"CNDP\" \/>\n<meta property=\"article:publisher\" content=\"https:\/\/www.facebook.com\/ErpentCNDP\" \/>\n<meta property=\"article:modified_time\" content=\"2023-10-24T09:49:05+00:00\" \/>\n<meta name=\"twitter:card\" content=\"summary_large_image\" \/>\n<meta name=\"twitter:label1\" content=\"Dur\u00e9e de lecture est.\">\n\t<meta name=\"twitter:data1\" content=\"5 minutes\">\n<script type=\"application\/ld+json\" class=\"yoast-schema-graph\">{\"@context\":\"https:\/\/schema.org\",\"@graph\":[{\"@type\":\"WebSite\",\"@id\":\"https:\/\/www.cndp-erpent-fondamental.be\/#website\",\"url\":\"https:\/\/www.cndp-erpent-fondamental.be\/\",\"name\":\"CNDP\",\"description\":\"Coll\\u00e8ge notre dame de la paix\",\"potentialAction\":[{\"@type\":\"SearchAction\",\"target\":\"https:\/\/www.cndp-erpent-fondamental.be\/?s={search_term_string}\",\"query-input\":\"required name=search_term_string\"}],\"inLanguage\":\"fr-FR\"},{\"@type\":\"WebPage\",\"@id\":\"https:\/\/www.cndp-erpent-fondamental.be\/index.php\/histoire-du-college\/#webpage\",\"url\":\"https:\/\/www.cndp-erpent-fondamental.be\/index.php\/histoire-du-college\/\",\"name\":\"Histoire du coll\\u00e8ge - CNDP\",\"isPartOf\":{\"@id\":\"https:\/\/www.cndp-erpent-fondamental.be\/#website\"},\"datePublished\":\"2020-09-30T12:15:06+00:00\",\"dateModified\":\"2023-10-24T09:49:05+00:00\",\"inLanguage\":\"fr-FR\",\"potentialAction\":[{\"@type\":\"ReadAction\",\"target\":[\"https:\/\/www.cndp-erpent-fondamental.be\/index.php\/histoire-du-college\/\"]}]}]}<\/script>\n<!-- \/ Yoast SEO plugin. -->","_links":{"self":[{"href":"https:\/\/www.cndp-erpent-fondamental.be\/index.php\/wp-json\/wp\/v2\/pages\/165"}],"collection":[{"href":"https:\/\/www.cndp-erpent-fondamental.be\/index.php\/wp-json\/wp\/v2\/pages"}],"about":[{"href":"https:\/\/www.cndp-erpent-fondamental.be\/index.php\/wp-json\/wp\/v2\/types\/page"}],"author":[{"embeddable":true,"href":"https:\/\/www.cndp-erpent-fondamental.be\/index.php\/wp-json\/wp\/v2\/users\/2"}],"replies":[{"embeddable":true,"href":"https:\/\/www.cndp-erpent-fondamental.be\/index.php\/wp-json\/wp\/v2\/comments?post=165"}],"version-history":[{"count":8,"href":"https:\/\/www.cndp-erpent-fondamental.be\/index.php\/wp-json\/wp\/v2\/pages\/165\/revisions"}],"predecessor-version":[{"id":2307,"href":"https:\/\/www.cndp-erpent-fondamental.be\/index.php\/wp-json\/wp\/v2\/pages\/165\/revisions\/2307"}],"wp:attachment":[{"href":"https:\/\/www.cndp-erpent-fondamental.be\/index.php\/wp-json\/wp\/v2\/media?parent=165"}],"curies":[{"name":"wp","href":"https:\/\/api.w.org\/{rel}","templated":true}]}}