{"id":1320,"date":"2021-01-29T23:04:54","date_gmt":"2021-01-29T22:04:54","guid":{"rendered":"https:\/\/www.cndp-erpent-fondamental.be\/?page_id=1320"},"modified":"2023-12-07T10:02:57","modified_gmt":"2023-12-07T09:02:57","slug":"cantine-3","status":"publish","type":"page","link":"https:\/\/www.cndp-erpent-fondamental.be\/index.php\/cantine-3\/","title":{"rendered":"La cantine"},"content":{"rendered":"<p>[et_pb_section fb_built=\u00a0\u00bb1&Prime; _builder_version=\u00a0\u00bb4.6.1&Prime; _module_preset=\u00a0\u00bbdefault\u00a0\u00bb background_color=\u00a0\u00bb#ffffff\u00a0\u00bb hover_enabled=\u00a0\u00bb0&Prime; sticky_enabled=\u00a0\u00bb0&Prime;][et_pb_row _builder_version=\u00a0\u00bb4.6.1&Prime; _module_preset=\u00a0\u00bbdefault\u00a0\u00bb hover_enabled=\u00a0\u00bb0&Prime; sticky_enabled=\u00a0\u00bb0&Prime;][et_pb_column type=\u00a0\u00bb4_4&Prime; _builder_version=\u00a0\u00bb4.6.1&Prime; _module_preset=\u00a0\u00bbdefault\u00a0\u00bb][et_pb_text _builder_version=\u00a0\u00bb4.6.1&Prime; _module_preset=\u00a0\u00bbdefault\u00a0\u00bb inline_fonts=\u00a0\u00bbAcme\u00a0\u00bb]<\/p>\n<h4 style=\"text-align: justify;\"><span style=\"font-family: Acme; font-weight: normal;\">Chaque jour, votre enfant a l\u2019opportunit\u00e9 de b\u00e9n\u00e9ficier des produits au restaurant du grand Coll\u00e8ge.\u00a0<\/span><\/h4>\n<p style=\"text-align: justify;\"><strong><u>Syst\u00e8me de paiement sans cash IT.SCHOOL<\/u><\/strong><\/p>\n<p style=\"text-align: justify;\">\u00a0IT.SCHOOL sert \u00e0 la <strong>r\u00e9servation et au paiement des repas<\/strong> de la cantine de l\u2019\u00e9cole, \u00e0 <strong>commander<\/strong> <strong>et payer les photos<\/strong>, \u00e0 <strong>facturer les \u00e9tudes et garderies<\/strong> ainsi que les <strong>frais scolaires<\/strong>.<\/p>\n<p style=\"text-align: justify;\">La \u00a0facturation des activit\u00e9s scolaires, des \u00e9tudes et garderies ainsi que les commandes de repas se font uniquement via cette plateforme <span>\u00a0<\/span><strong>(<\/strong><a href=\"https:\/\/cndp.it-school.be\/\">https:\/\/cndp.it-school.be<\/a><strong>)<\/strong><strong>.<\/strong><\/p>\n<p style=\"text-align: justify;\"><span>\u00a0<\/span><u>Le principe\u00a0:<\/u><\/p>\n<ul style=\"text-align: justify;\">\n<li><span>Vous disposez d\u2019un espace personnel sur la plateforme IT.SCHOOL (explications ci-apr\u00e8s).<\/span><\/li>\n<li><span>Vous y alimentez votre compte par des versements pr\u00e9alables (<strong>avant toute commande repas, votre compte doit \u00eatre aliment\u00e9. Attention aux d\u00e9lais bancaires\u00a0!<\/strong> )<\/span><\/li>\n<li><span>Sur la plateforme, vous passez commande <strong>du repas<\/strong> souhait\u00e9 <strong>avant 8h30<\/strong> le jour concern\u00e9 (Les commandes peuvent se faire plusieurs jours \u00e0 l\u2019avance\u00a0; elles peuvent \u00e9galement \u00eatre supprim\u00e9es au plus tard \u00e0 8h30 le jour m\u00eame).<\/span><\/li>\n<\/ul>\n<ul style=\"text-align: justify;\">\n<li><span>Votre compte utilisateur est d\u00e9bit\u00e9 du montant du produit.<\/span><\/li>\n<li><span>Fin d\u2019ann\u00e9e, le solde de votre compte est report\u00e9 pour l\u2019ann\u00e9e suivante ou vous est rembours\u00e9 si votre enfant quitte l\u2019\u00e9cole.<\/span><\/li>\n<\/ul>\n<p style=\"text-align: justify;\"><span>\u00a0<\/span><strong><u>Vos codes d&rsquo;acc\u00e8s<\/u><\/strong> vous seront envoy\u00e9s par mail, via l&rsquo;adresse \u00ab\u00a0<a href=\"mailto:noreply@itschool.be\">noreply@itschool.be<\/a>\u00ab\u00a0.<\/p>\n<p style=\"text-align: justify;\">Attention de v\u00e9rifier dans vos ind\u00e9sirables.<\/p>\n<p style=\"text-align: justify;\">\u00a0<strong>En cas de probl\u00e8me de connexion<\/strong>, voici la proc\u00e9dure \u00e0 suivre pour r\u00e9cup\u00e9rer un mot de passe et un login:<\/p>\n<ol style=\"text-align: justify;\">\n<li>Aller sur la plateforme It-school : <a href=\"https:\/\/cndp.it-school.be\/\">https:\/\/cndp.it-school.be<\/a><\/li>\n<li>Cliquer sur mot de passe perdu<\/li>\n<li>Encoder votre adresse mail :\u00a0\u00a0 @<\/li>\n<li>Aller dans votre boite mail, vous allez recevoir le mail de <a href=\"mailto:noreply@it-school.be\">noreply@it-school.be<\/a><\/li>\n<li>Retourner sur la plateforme It-school<\/li>\n<li>Cliquer sur jeton de connexion et encoder le jeton de connexion re\u00e7u par mail<\/li>\n<li>Cr\u00e9er un mot de passe (\u00e0 retenir pour la prochaine connexion).<\/li>\n<\/ol>\n<p style=\"text-align: justify;\"><strong>Lors de votre prochaine connexion : <\/strong><\/p>\n<ul>\n<li style=\"text-align: justify;\">Aller sur la plateforme It-school : <a href=\"https:\/\/cndp.it-school.be\/\">https:\/\/cndp.it-school.be<\/a><\/li>\n<li style=\"text-align: justify;\">Encoder votre nom d\u2019utilisateur (re\u00e7u en m\u00eame temps que le jeton de connexion) et votre mot de passe (que vous avez cr\u00e9\u00e9 pr\u00e9c\u00e9demment)<\/li>\n<li style=\"text-align: justify;\">Valider<\/li>\n<\/ul>\n<p>[\/et_pb_text][\/et_pb_column][\/et_pb_row][et_pb_row _builder_version=\u00a0\u00bb4.6.1&Prime; _module_preset=\u00a0\u00bbdefault\u00a0\u00bb][et_pb_column type=\u00a0\u00bb4_4&Prime; _builder_version=\u00a0\u00bb4.6.1&Prime; _module_preset=\u00a0\u00bbdefault\u00a0\u00bb][et_pb_text _builder_version=\u00a0\u00bb4.6.1&Prime; _module_preset=\u00a0\u00bbdefault\u00a0\u00bb inline_fonts=\u00a0\u00bbAcme\u00a0\u00bb]<\/p>\n<h4 style=\"text-align: justify;\"><span style=\"font-family: Acme; font-weight: normal;\">Chaque jour, votre enfant a l\u2019opportunit\u00e9 de b\u00e9n\u00e9ficier des produits au restaurant du grand Coll\u00e8ge.\u00a0<\/span><\/h4>\n<p style=\"text-align: justify;\"><strong><u>Syst\u00e8me de paiement sans cash IT.SCHOOL<\/u><\/strong><\/p>\n<p style=\"text-align: justify;\">\u00a0IT.SCHOOL sert \u00e0 la <strong>r\u00e9servation et au paiement des repas<\/strong> de la cantine de l\u2019\u00e9cole, \u00e0 <strong>commander<\/strong> <strong>et payer les photos<\/strong>, \u00e0 <strong>facturer les \u00e9tudes et garderies<\/strong> ainsi que les <strong>frais scolaires<\/strong>.<\/p>\n<p style=\"text-align: justify;\">La \u00a0facturation des activit\u00e9s scolaires, des \u00e9tudes et garderies ainsi que les commandes de repas se font uniquement via cette plateforme <span>\u00a0<\/span><strong>(<\/strong><a href=\"https:\/\/cndp.it-school.be\/\">https:\/\/cndp.it-school.be<\/a><strong>)<\/strong><strong>.<\/strong><\/p>\n<p style=\"text-align: justify;\"><span>\u00a0<\/span><u>Le principe\u00a0:<\/u><\/p>\n<ul style=\"text-align: justify;\">\n<li><span>Vous disposez d\u2019un espace personnel sur la plateforme IT.SCHOOL (explications ci-apr\u00e8s).<\/span><\/li>\n<li><span>Vous y alimentez votre compte par des versements pr\u00e9alables (<strong>avant toute commande repas, votre compte doit \u00eatre aliment\u00e9. Attention aux d\u00e9lais bancaires\u00a0!<\/strong> )<\/span><\/li>\n<li><span>Sur la plateforme, vous passez commande <strong>du repas<\/strong> souhait\u00e9 <strong>avant 8h30<\/strong> le jour concern\u00e9 (Les commandes peuvent se faire plusieurs jours \u00e0 l\u2019avance\u00a0; elles peuvent \u00e9galement \u00eatre supprim\u00e9es au plus tard \u00e0 8h30 le jour m\u00eame).<\/span><\/li>\n<\/ul>\n<ul style=\"text-align: justify;\">\n<li><span>Votre compte utilisateur est d\u00e9bit\u00e9 du montant du produit.<\/span><\/li>\n<li><span>Fin d\u2019ann\u00e9e, le solde de votre compte est report\u00e9 pour l\u2019ann\u00e9e suivante ou vous est rembours\u00e9 si votre enfant quitte l\u2019\u00e9cole.<\/span><\/li>\n<\/ul>\n<p style=\"text-align: justify;\"><span>\u00a0<\/span><strong><u>Vos codes d&rsquo;acc\u00e8s<\/u><\/strong> vous seront envoy\u00e9s par mail, via l&rsquo;adresse \u00ab\u00a0<a href=\"mailto:noreply@itschool.be\">noreply@itschool.be<\/a>\u00ab\u00a0.<\/p>\n<p style=\"text-align: justify;\">Attention de v\u00e9rifier dans vos ind\u00e9sirables.<\/p>\n<p style=\"text-align: justify;\">\u00a0<strong>En cas de probl\u00e8me de connexion<\/strong>, voici la proc\u00e9dure \u00e0 suivre pour r\u00e9cup\u00e9rer un mot de passe et un login:<\/p>\n<ol style=\"text-align: justify;\">\n<li>Aller sur la plateforme It-school : <a href=\"https:\/\/cndp.it-school.be\/\">https:\/\/cndp.it-school.be<\/a><\/li>\n<li>Cliquer sur mot de passe perdu<\/li>\n<li>Encoder votre adresse mail :\u00a0\u00a0 @<\/li>\n<li>Aller dans votre boite mail, vous allez recevoir le mail de <a href=\"mailto:noreply@it-school.be\">noreply@it-school.be<\/a><\/li>\n<li>Retourner sur la plateforme It-school<\/li>\n<li>Cliquer sur jeton de connexion et encoder le jeton de connexion re\u00e7u par mail<\/li>\n<li>Cr\u00e9er un mot de passe (\u00e0 retenir pour la prochaine connexion).<\/li>\n<\/ol>\n<p style=\"text-align: justify;\"><strong>Lors de votre prochaine connexion : <\/strong><\/p>\n<ul>\n<li style=\"text-align: justify;\">Aller sur la plateforme It-school : <a href=\"https:\/\/cndp.it-school.be\/\">https:\/\/cndp.it-school.be<\/a><\/li>\n<li style=\"text-align: justify;\">Encoder votre nom d\u2019utilisateur (re\u00e7u en m\u00eame temps que le jeton de connexion) et votre mot de passe (que vous avez cr\u00e9\u00e9 pr\u00e9c\u00e9demment)<\/li>\n<li style=\"text-align: justify;\">Valider<\/li>\n<\/ul>\n<p>[\/et_pb_text][\/et_pb_column][\/et_pb_row][\/et_pb_section]<\/p>\n","protected":false},"excerpt":{"rendered":"<p>[et_pb_section fb_built=\u00a0\u00bb1&Prime; _builder_version=\u00a0\u00bb4.6.1&Prime; _module_preset=\u00a0\u00bbdefault\u00a0\u00bb background_color=\u00a0\u00bb#ffffff\u00a0\u00bb hover_enabled=\u00a0\u00bb0&Prime; sticky_enabled=\u00a0\u00bb0&Prime;][et_pb_row _builder_version=\u00a0\u00bb4.6.1&Prime; _module_preset=\u00a0\u00bbdefault\u00a0\u00bb hover_enabled=\u00a0\u00bb0&Prime; sticky_enabled=\u00a0\u00bb0&Prime;][et_pb_column type=\u00a0\u00bb4_4&Prime; _builder_version=\u00a0\u00bb4.6.1&Prime; _module_preset=\u00a0\u00bbdefault\u00a0\u00bb][et_pb_text _builder_version=\u00a0\u00bb4.6.1&Prime; _module_preset=\u00a0\u00bbdefault\u00a0\u00bb inline_fonts=\u00a0\u00bbAcme\u00a0\u00bb] Chaque jour, votre enfant a l\u2019opportunit\u00e9 de b\u00e9n\u00e9ficier des produits au restaurant du grand Coll\u00e8ge.\u00a0 Syst\u00e8me de paiement sans cash IT.SCHOOL \u00a0IT.SCHOOL sert \u00e0 la r\u00e9servation et au paiement des repas de la cantine de l\u2019\u00e9cole, \u00e0 commander [&hellip;]<\/p>\n","protected":false},"author":5,"featured_media":0,"parent":0,"menu_order":0,"comment_status":"closed","ping_status":"closed","template":"","meta":{"_et_pb_use_builder":"on","_et_pb_old_content":"<!-- wp:divi\/placeholder \/-->","_et_gb_content_width":""},"yoast_head":"<!-- This site is optimized with the Yoast SEO plugin v15.7 - https:\/\/yoast.com\/wordpress\/plugins\/seo\/ -->\n<title>La cantine - CNDP<\/title>\n<meta name=\"robots\" content=\"noindex, follow\" \/>\n<meta property=\"og:locale\" content=\"fr_FR\" \/>\n<meta property=\"og:type\" content=\"article\" \/>\n<meta property=\"og:title\" content=\"La cantine - CNDP\" \/>\n<meta property=\"og:description\" content=\"[et_pb_section fb_built=\u00a0\u00bb1&Prime; _builder_version=\u00a0\u00bb4.6.1&Prime; _module_preset=\u00a0\u00bbdefault\u00a0\u00bb background_color=\u00a0\u00bb#ffffff\u00a0\u00bb hover_enabled=\u00a0\u00bb0&Prime; sticky_enabled=\u00a0\u00bb0&Prime;][et_pb_row _builder_version=\u00a0\u00bb4.6.1&Prime; _module_preset=\u00a0\u00bbdefault\u00a0\u00bb hover_enabled=\u00a0\u00bb0&Prime; sticky_enabled=\u00a0\u00bb0&Prime;][et_pb_column type=\u00a0\u00bb4_4&Prime; _builder_version=\u00a0\u00bb4.6.1&Prime; _module_preset=\u00a0\u00bbdefault\u00a0\u00bb][et_pb_text _builder_version=\u00a0\u00bb4.6.1&Prime; _module_preset=\u00a0\u00bbdefault\u00a0\u00bb inline_fonts=\u00a0\u00bbAcme\u00a0\u00bb] Chaque jour, votre enfant a l\u2019opportunit\u00e9 de b\u00e9n\u00e9ficier des produits au restaurant du grand Coll\u00e8ge.\u00a0 Syst\u00e8me de paiement sans cash IT.SCHOOL \u00a0IT.SCHOOL sert \u00e0 la r\u00e9servation et au paiement des repas de la cantine de l\u2019\u00e9cole, \u00e0 commander [&hellip;]\" \/>\n<meta property=\"og:url\" content=\"https:\/\/www.cndp-erpent-fondamental.be\/index.php\/cantine-3\/\" \/>\n<meta property=\"og:site_name\" content=\"CNDP\" \/>\n<meta property=\"article:publisher\" content=\"https:\/\/www.facebook.com\/ErpentCNDP\" \/>\n<meta property=\"article:modified_time\" content=\"2023-12-07T09:02:57+00:00\" \/>\n<meta name=\"twitter:card\" content=\"summary_large_image\" \/>\n<meta name=\"twitter:label1\" content=\"Dur\u00e9e de lecture est.\">\n\t<meta name=\"twitter:data1\" content=\"2 minutes\">\n<script type=\"application\/ld+json\" class=\"yoast-schema-graph\">{\"@context\":\"https:\/\/schema.org\",\"@graph\":[{\"@type\":\"WebSite\",\"@id\":\"https:\/\/www.cndp-erpent-fondamental.be\/#website\",\"url\":\"https:\/\/www.cndp-erpent-fondamental.be\/\",\"name\":\"CNDP\",\"description\":\"Coll\\u00e8ge notre dame de la paix\",\"potentialAction\":[{\"@type\":\"SearchAction\",\"target\":\"https:\/\/www.cndp-erpent-fondamental.be\/?s={search_term_string}\",\"query-input\":\"required name=search_term_string\"}],\"inLanguage\":\"fr-FR\"},{\"@type\":\"WebPage\",\"@id\":\"https:\/\/www.cndp-erpent-fondamental.be\/index.php\/cantine-3\/#webpage\",\"url\":\"https:\/\/www.cndp-erpent-fondamental.be\/index.php\/cantine-3\/\",\"name\":\"La cantine - CNDP\",\"isPartOf\":{\"@id\":\"https:\/\/www.cndp-erpent-fondamental.be\/#website\"},\"datePublished\":\"2021-01-29T22:04:54+00:00\",\"dateModified\":\"2023-12-07T09:02:57+00:00\",\"inLanguage\":\"fr-FR\",\"potentialAction\":[{\"@type\":\"ReadAction\",\"target\":[\"https:\/\/www.cndp-erpent-fondamental.be\/index.php\/cantine-3\/\"]}]}]}<\/script>\n<!-- \/ Yoast SEO plugin. -->","_links":{"self":[{"href":"https:\/\/www.cndp-erpent-fondamental.be\/index.php\/wp-json\/wp\/v2\/pages\/1320"}],"collection":[{"href":"https:\/\/www.cndp-erpent-fondamental.be\/index.php\/wp-json\/wp\/v2\/pages"}],"about":[{"href":"https:\/\/www.cndp-erpent-fondamental.be\/index.php\/wp-json\/wp\/v2\/types\/page"}],"author":[{"embeddable":true,"href":"https:\/\/www.cndp-erpent-fondamental.be\/index.php\/wp-json\/wp\/v2\/users\/5"}],"replies":[{"embeddable":true,"href":"https:\/\/www.cndp-erpent-fondamental.be\/index.php\/wp-json\/wp\/v2\/comments?post=1320"}],"version-history":[{"count":8,"href":"https:\/\/www.cndp-erpent-fondamental.be\/index.php\/wp-json\/wp\/v2\/pages\/1320\/revisions"}],"predecessor-version":[{"id":2595,"href":"https:\/\/www.cndp-erpent-fondamental.be\/index.php\/wp-json\/wp\/v2\/pages\/1320\/revisions\/2595"}],"wp:attachment":[{"href":"https:\/\/www.cndp-erpent-fondamental.be\/index.php\/wp-json\/wp\/v2\/media?parent=1320"}],"curies":[{"name":"wp","href":"https:\/\/api.w.org\/{rel}","templated":true}]}}